{"id":1568,"date":"2024-08-19T08:29:19","date_gmt":"2024-08-19T06:29:19","guid":{"rendered":"http:\/\/www.anton-knoll.com\/Rohstoffe\/impressum\/"},"modified":"2025-09-19T12:45:38","modified_gmt":"2025-09-19T10:45:38","slug":"impressum","status":"publish","type":"page","link":"https:\/\/ak-marketing.r2-server.de\/cs\/impressum\/","title":{"rendered":"Impressum"},"content":{"rendered":"<p>[et_pb_section fb_built=&#8220;1&#8243; admin_label=&#8220;Header&#8220; _builder_version=&#8220;4.25.1&#8243; _module_preset=&#8220;445ba67a-aca3-4336-97c4-3a4ee4df175e&#8220; locked=&#8220;off&#8220; global_colors_info=&#8220;{}&#8220;][et_pb_row admin_label=&#8220;Navigation&#8220; _builder_version=&#8220;4.25.1&#8243; _module_preset=&#8220;38c466fb-a0d3-4b3c-8c1f-c9088287c1e8&#8243; background_enable_color=&#8220;off&#8220; width=&#8220;100%&#8220; max_width=&#8220;unset&#8220; custom_margin=&#8220;0px||0px||true|false&#8220; custom_padding=&#8220;0px||0px||false|false&#8220; custom_css_free_form=&#8220;selector {||  margin-left: calc(((100vw &#8211; 1200px) \/ 2));||  width: calc(100vw &#8211; ((100vw &#8211; 1200px) \/ 2)) !important;||  max-width: unset !important;||}||selector:before {||  content: &#8220;;||  position: absolute;||  right: 0;||  top: 0;||  width: 100vw;||  height: 300px;||  background-image: linear-gradient(180deg, rgba(255,255,255,1) 0%, rgba(255,255,255,0) 100%);||}||||@media only screen and (max-width: 1400px)||{||  selector {||    margin-left: 7vw;||    width: 93vw !important;||  }||}&#8220; global_module=&#8220;310&#8243; saved_tabs=&#8220;all&#8220; global_colors_info=&#8220;{}&#8220;][et_pb_column type=&#8220;4_4&#8243; _builder_version=&#8220;4.25.1&#8243; _module_preset=&#8220;23f8c60a-5213-48e1-9e5d-c3cdd5f27a88&#8243; custom_css_free_form=&#8220;selector {||  display: flex;||}&#8220; global_colors_info=&#8220;{}&#8220;][et_pb_image src=&#8220;https:\/\/ak-marketing.r2-server.de\/wp-content\/uploads\/2024\/08\/logo-knoll-rohstoffe.png&#8220; alt=&#8220;Logo \/ Anton Knoll &#8211; D\u00fcngemittel&#8220; title_text=&#8220;logo-knoll-rohstoffe&#8220; url=&#8220;@ET-DC@eyJkeW5hbWljIjp0cnVlLCJjb250ZW50IjoiaG9tZV91cmwiLCJzZXR0aW5ncyI6eyJlbmFibGVfaHRtbCI6Im9mZiJ9fQ==@&#8220; admin_label=&#8220;Logo&#8220; _builder_version=&#8220;4.27.4&#8243; _dynamic_attributes=&#8220;url&#8220; _module_preset=&#8220;default&#8220; z_index=&#8220;10&#8243; width=&#8220;280px&#8220; width_tablet=&#8220;220px&#8220; width_phone=&#8220;&#8220; width_last_edited=&#8220;on|phone&#8220; custom_margin=&#8220;||0px||false|false&#8220; animation_style=&#8220;fade&#8220; locked=&#8220;off&#8220; global_colors_info=&#8220;{}&#8220; filter_opacity__hover_enabled=&#8220;on|desktop&#8220; filter_opacity__hover=&#8220;85%&#8220;][\/et_pb_image][et_pb_menu menu_id=&#8220;3&#8243; active_link_color=&#8220;#FF6E00&#8243; dropdown_menu_bg_color=&#8220;#FFFFFF&#8220; dropdown_menu_text_color=&#8220;#827864&#8243; dropdown_menu_active_link_color=&#8220;#FF6E00&#8243; mobile_menu_bg_color=&#8220;RGBA(255,255,255,0)&#8220; mobile_menu_text_color=&#8220;#827864&#8243; menu_icon_color=&#8220;#FFFFFF&#8220; _builder_version=&#8220;4.27.4&#8243; _module_preset=&#8220;default&#8220; menu_font=&#8220;|800||on|||||&#8220; menu_text_color=&#8220;#827864&#8243; menu_font_size=&#8220;15px&#8220; menu_letter_spacing=&#8220;1px&#8220; background_enable_color=&#8220;off&#8220; custom_margin=&#8220;0px||0px||true|false&#8220; animation_style=&#8220;fade&#8220; animation_direction=&#8220;top&#8220; custom_css_free_form=&#8220;||\/* GRID *\/||||selector {||  flex-grow: 1;||}||||\/* MENU DESKTOP *\/||||selector .et_pb_menu__menu,||selector .et-menu-nav,||selector .et-menu {||\tflex-grow: 1;||}||selector .et-menu {||\tdisplay: flex;||\tjustify-content: space-around !important;||\tmargin: 0;||  \tmax-width: 1600px;||}||selector li a {||\tline-height: 1 !important;||}||selector .et-menu-nav {||  padding: 44px 30px 0 30px;||}||selector .et-menu-nav .et-menu li {||\tpadding-top: 20px;||\tpadding-bottom: 20px;||\tmargin: 0;||}||selector .et-menu-nav .et-menu li a {||\tpadding-bottom: 0;||}||selector .et-menu-nav .et-menu li.contact {||\tpadding-top: 0;||\tpadding-bottom: 0;||}||selector .et-menu-nav .et-menu li.contact a {||\tcolor: #fff !important;||\tbackground: #ff6e00;||\tpadding: 20px 55px 20px 30px;||\ttransition: all 300ms ease 0ms;||}||selector .et-menu-nav .et-menu li.contact a:hover {||\tbackground: #ff8426;||}||selector .et-menu-nav .et-menu li.contact a:after {||\tline-height: inherit;||    font-size: inherit !important;||    opacity: 1;||    margin-left: .3em;||    left: auto;||    font-family: ETmodules !important;||    font-weight: 400 !important;||\tposition: absolute;||\ttransform: scale(1.4);||    margin-left: 10px !important;||\tcontent: &#8218;$&#8216;;||}||||\/* Sprachschalter *\/||||selector li.wpml-ls-item a {||\tpadding-left: 30px !important;||\tposition: relative;||}||selector li.wpml-ls-item a:before {||\tcontent: &#8220;;||\tposition: absolute;||\tleft: 0;||\ttop: 50%;||\tmargin-top: -11px;||\twidth: 22px;||\theight: 22px;||    border-radius: 50%;||    -webkit-border-radius: 50%;||    -moz-border-radius: 50%;||\tbackground-size: 22px 22px;||\tbox-shadow: 0px 0px 1px 1px rgba(0,0,0,.2);||}||selector li.wpml-ls-item.wpml-ls-item-de > a:before {||\tbackground-image: url(\/wp-content\/uploads\/2024\/08\/flag_de.png);||}||selector li.wpml-ls-item.wpml-ls-item-en > a:before {||\tbackground-image: url(\/wp-content\/uploads\/2024\/08\/flag_gb.png);||}||selector li.wpml-ls-item.wpml-ls-item-fr > a:before {||\tbackground-image: url(\/wp-content\/uploads\/2024\/08\/flag_fr.png);||}||selector li.wpml-ls-item.wpml-ls-item-cs > a:before {||\tbackground-image: url(\/wp-content\/uploads\/2024\/08\/flag_cs.png);||}||selector li.wpml-ls-item.wpml-ls-item-pl > a:before {||\tbackground-image: url(\/wp-content\/uploads\/2024\/08\/flag_pl.png);||}||||\/* Submenu *\/||||selector .et-menu-nav .et-menu ul.sub-menu {||\ttop: 100% !important;||\tborder: none;||\twidth: 270px;||\tleft: -13px;||\tpadding: 9px 24px;||\tbackground: #fff !important;||}||selector .et-menu-nav .et-menu li.wpml-ls-item ul.sub-menu {||\twidth: 110px;||}||||selector .et-menu-nav .et-menu ul.sub-menu li {||\tbackground: none !important;||\tpadding: 0;||\tborder-top: 1px solid rgba(0,75,75,0.1);||\tdisplay: block !important;||}||selector .et-menu-nav .et-menu ul.sub-menu li:first-child {||\tborder: none;||}||selector .et-menu-nav .et-menu ul.sub-menu li a {||\tpadding: 15px 0;||\tbackground: none !important;||\tfont-weight: 400 !important;||\topacity: 1 !important;||\tline-height: 1.2;||\ttext-transform: unset;||\tletter-spacing: unset;||\tfont-size: 17px;||\twidth: unset;||}||||\/* BREAKPOINT *\/||||@media only screen and (max-width: 1300px) ||{||\tselector .et_pb_menu__menu { ||\t\tdisplay: none; ||\t}||\tselector .et_mobile_nav_menu { ||\t\tdisplay: block; ||\t}\t||\tselector .et_pb_menu__wrap {||\t\tjustify-content: flex-end;||\t}||}||||\/* MOBILE MENU *\/||||selector .mobile_menu_bar {||    height: 59px;||    width: 59px;||    display: flex;||    flex-direction: column;||    justify-content: center;||    text-align: center;||\tbackground-color: #ff6e00;||\ttransition: all 300ms ease 0ms;||\tmargin: 42px 7vw;||}||selector .mobile_menu_bar:hover {||\tbackground-color: #ff8426;||}||selector .mobile_menu_bar:before {||\ttop: 1px;||}||selector .mobile_nav.opened .mobile_menu_bar:before {||\tcontent: &#8218;M&#8216; !important;||}||selector .et_mobile_nav_menu {||\tmargin: 0;||}||||@media only screen and (max-width: 980px) ||{||\tselector .mobile_menu_bar {||\t\theight: 40px;||\t\twidth: 40px;||\t\tmargin: 36px 7vw;||\t}||\tselector .mobile_menu_bar:before {||\t\tfont-size: 26px !important;||\t}||}||||\/* MOBILE MENU DROPDOWN *\/||||selector .et_mobile_menu {||\tborder: none;||\tlist-style: none;||\tpadding: 30px 0;||\ttext-align: left;||\tmin-height: 100vh;||\t-moz-box-shadow: none !important;||\t-webkit-box-shadow: none !important;||\tbox-shadow: none !important;||\tmargin-left: -280px;||\twidth: 86vw;||}||||@media only screen and (max-width: 980px) ||{||\tselector .et_mobile_menu {||\t\tmargin-left: -220px;||\t}||}||selector .mobile_nav:before {||\tcontent: &#8220;;||\tposition: fixed;||\ttop: 0;||\tleft: 0;||\tright: 0;||\tmin-height: 1000vh;||\tz-index: -1;||\topacity: 0;||\ttransition: all .4s ease-in-out;||\tpointer-events: none;||\tbackground: rgba(255,255,255,.8);||\t-webkit-backdrop-filter: blur(10px);||\tbackdrop-filter: blur(10px);||}||selector .mobile_nav.opened:before {||\topacity: 1;||}||selector .et_mobile_menu li {||\tborder-top: 1px solid rgba(0,75,75,0.1);||}||selector .et_mobile_menu li:first-child {||\tborder-top: none;||}||selector .et_mobile_menu li a {||\tpadding: 16px 0;||\tdisplay: block;||\tbackground: none !important;||\topacity: 1 !important;||\tborder: none !important;||\tposition: relative;||}||selector .et_mobile_menu li.contact {||\tborder-top: none;||\tmargin-top: 10px;||}||selector .et_mobile_menu li.contact a {||\tcolor: #fff !important;||\tbackground: #ff6e00 !important;||\tpadding: 20px 55px 20px 30px !important;||\ttransition: all 300ms ease 0ms;||\tdisplay: block;||\ttext-align: center;||}||selector .et_mobile_menu li.contact a:hover {||\tbackground: #ff8426 !important;||\tcolor: #fff !important;||}||selector .et_mobile_menu li.contact a:after {||\tline-height: inherit;||    font-size: inherit !important;||    opacity: 1;||    margin-left: .3em;||    left: auto;||    font-family: ETmodules !important;||    font-weight: 400 !important;||\tposition: absolute;||\ttransform: scale(1.4);||    margin-left: 10px !important;||\tcontent: &#8218;$&#8216;;||}||||\/* Submenue *\/||||selector .et_mobile_menu li ul.sub-menu {||\ttext-align: left;||\tpadding: 0;||\tlist-style: none !important;||}||selector .et_mobile_menu li ul.sub-menu li {||\tpadding-left: 0;||\tmargin-left: 30px;||}||selector .et_mobile_menu li ul.sub-menu li a {||\ttext-transform: unset;||\tletter-spacing: unset;||\tfont-size: 17px;||\tfont-weight: 400;||\tcolor: #004b4b !important;||}||selector .et_mobile_menu li ul.sub-menu li a:hover,||selector li.current_page_item a {||\tcolor: #ff6e00 !important;||}||selector .et_mobile_menu li.current-menu-item.contact a {||\tcolor: #fff !important;||}||selector .et_mobile_menu li ul.sub-menu li a:after {||\tdisplay: none;||}||selector .et_mobile_menu .menu-item-has-children a {||\tpadding-right: 18px !important;||}||selector .et_mobile_menu .menu-item-has-children a:after {||\tfont-family: &#8218;ETmodules&#8216;;||\ttext-align: center;||\tspeak: none;||\tfont-weight: normal;||\tfont-variant: normal;||\ttext-transform: none;||\t-webkit-font-smoothing: antialiased;||\tposition: absolute;||\tfont-size: 17px;||\tcontent: &#8218;3&#8216;;||\ttop: 15px;||\tright: 0;||}||selector .et_mobile_menu .menu-item-has-children.wpml-ls-item a {||\tpadding-left: 0px !important;||\tpadding-right: 48px !important;||}||selector .et_mobile_menu .menu-item-has-children.wpml-ls-item a:before {||\tleft: unset;||\tright: 25px;||}||selector .et_mobile_menu .menu-item-has-children.visible a:after {||\t\tcontent: &#8218;2&#8216;;||}||selector .et_mobile_menu ul.sub-menu {||\tmax-height: 0px !important;||\tdisplay: block !important;||\tvisibility: hidden !important;||\topacity: 0 !important;||\t-webkit-transition: all .2s ease-in-out;||\t-moz-transition: all .2s ease-in-out;||\ttransition: all .2s ease-in-out;||}||selector .et_mobile_menu .visible ul.sub-menu {||\tmax-height: 1000px !important;||\tdisplay: block !important;||\tvisibility: visible !important;||\topacity: 1 !important;||}||selector.et_pb_menu ul li.current-menu-parent a,||selector.et_pb_menu ul li.current-page-ancestor a {||\tcolor: #ff6e00 !important;||}&#8220; global_colors_info=&#8220;{}&#8220; menu_text_color__hover_enabled=&#8220;on|desktop&#8220; menu_text_color__hover=&#8220;#FF6E00&#8243; dropdown_menu_text_color__hover_enabled=&#8220;on|desktop&#8220; dropdown_menu_text_color__hover=&#8220;#FF6E00&#8243;][\/et_pb_menu][\/et_pb_column][\/et_pb_row][\/et_pb_section][et_pb_section fb_built=&#8220;1&#8243; admin_label=&#8220;Section&#8220; _builder_version=&#8220;4.25.1&#8243; _module_preset=&#8220;eac36d24-5ae8-4699-8ca6-5a0d31d21d39&#8243; global_colors_info=&#8220;{}&#8220;][et_pb_row _builder_version=&#8220;4.25.1&#8243; _module_preset=&#8220;7cc296e1-6818-4032-b6d3-c78cd8bb6fa3&#8243; global_colors_info=&#8220;{}&#8220;][et_pb_column type=&#8220;4_4&#8243; _builder_version=&#8220;4.25.1&#8243; _module_preset=&#8220;0525e39a-843a-4442-8392-b6f82ebcf075&#8243; global_colors_info=&#8220;{}&#8220;][et_pb_text _builder_version=&#8220;4.27.0&#8243; _module_preset=&#8220;e684411f-083e-4bb1-8746-ce17539f955f&#8220; custom_margin=&#8220;||||false|false&#8220; global_colors_info=&#8220;{}&#8220;]<\/p>\n<h1>Tir\u00e1\u017e<\/h1>\n<p>Anton Knoll Rohstoffe GmbH Co. KG<br \/>Dorfstra\u00dfe 1<br \/>49744 Geeste-Bramhar<\/p>\n<p>T: +495963 \/ 98292-11<br \/>F: +495963 \/ 98292-15 <br \/><a href=\"mailto:info@anton-knoll.de\">info@anton-knoll.de<\/a><\/p>\n<p><\/p>\n<p>[\/et_pb_text][\/et_pb_column][\/et_pb_row][\/et_pb_section][et_pb_section fb_built=&#8220;1&#8243; admin_label=&#8220;Section&#8220; _builder_version=&#8220;4.25.1&#8243; _module_preset=&#8220;eac36d24-5ae8-4699-8ca6-5a0d31d21d39&#8243; background_color=&#8220;#F2F6F6&#8243; global_colors_info=&#8220;{}&#8220;][et_pb_row _builder_version=&#8220;4.25.1&#8243; _module_preset=&#8220;7cc296e1-6818-4032-b6d3-c78cd8bb6fa3&#8243; global_colors_info=&#8220;{}&#8220;][et_pb_column type=&#8220;4_4&#8243; _builder_version=&#8220;4.25.1&#8243; _module_preset=&#8220;0525e39a-843a-4442-8392-b6f82ebcf075&#8243; global_colors_info=&#8220;{}&#8220;][et_pb_text _builder_version=&#8220;4.25.1&#8243; _module_preset=&#8220;e684411f-083e-4bb1-8746-ce17539f955f&#8220; custom_margin=&#8220;||||false|false&#8220; global_colors_info=&#8220;{}&#8220;]<\/p>\n<h2>Obsah online nab\u00eddky<\/h2>\n<p>Poskytovatel nep\u0159eb\u00edr\u00e1 \u017e\u00e1dnou odpov\u011bdnost za aktu\u00e1lnost, spr\u00e1vnost, \u00faplnost nebo kvalitu poskytovan\u00fdch informac\u00ed.<\/p>\n<h2>Autorsk\u00e9 pr\u00e1vo a z\u00e1kon o ochrann\u00fdch zn\u00e1mk\u00e1ch<\/h2>\n<p>Jak\u00e9koli pou\u017eit\u00ed p\u0159\u00edsp\u011bvk\u016f a ilustrac\u00ed zve\u0159ejn\u011bn\u00fdch na tomto webu, kter\u00e9 nen\u00ed povoleno autorsk\u00fdm z\u00e1konem, vy\u017eaduje p\u0159edchoz\u00ed p\u00edsemn\u00fd souhlas poskytovatele. To se t\u00fdk\u00e1 zejm\u00e9na rozmno\u017eov\u00e1n\u00ed, zpracov\u00e1n\u00ed, p\u0159ekladu, ukl\u00e1d\u00e1n\u00ed, zpracov\u00e1n\u00ed nebo reprodukce obsahu v datab\u00e1z\u00edch nebo jin\u00fdch elektronick\u00fdch m\u00e9di\u00ed a syst\u00e9mech. <\/p>\n<p>[\/et_pb_text][\/et_pb_column][\/et_pb_row][\/et_pb_section]<\/p>\n","protected":false},"excerpt":{"rendered":"<p>Tir\u00e1\u017e Anton Knoll Rohstoffe GmbH Co. KGDorfstra\u00dfe 149744 Geeste-BramharT: +495963 \/ 98292-11F: +495963 \/ 98292-15 info@anton-knoll.deObsah online nab\u00eddky Poskytovatel nep\u0159eb\u00edr\u00e1 \u017e\u00e1dnou odpov\u011bdnost za aktu\u00e1lnost, spr\u00e1vnost, \u00faplnost nebo kvalitu poskytovan\u00fdch informac\u00ed. Autorsk\u00e9 pr\u00e1vo a z\u00e1kon o ochrann\u00fdch zn\u00e1mk\u00e1ch Jak\u00e9koli pou\u017eit\u00ed p\u0159\u00edsp\u011bvk\u016f a ilustrac\u00ed zve\u0159ejn\u011bn\u00fdch na tomto webu, kter\u00e9 nen\u00ed povoleno autorsk\u00fdm z\u00e1konem, vy\u017eaduje p\u0159edchoz\u00ed p\u00edsemn\u00fd souhlas [&hellip;]<\/p>\n","protected":false},"author":1,"featured_media":0,"parent":0,"menu_order":10,"comment_status":"closed","ping_status":"closed","template":"","meta":{"_et_pb_use_builder":"on","_et_pb_old_content":"","_et_gb_content_width":"","footnotes":""},"class_list":["post-1568","page","type-page","status-publish","hentry"],"yoast_head":"<!-- This site is optimized with the Yoast SEO plugin v27.4 - https:\/\/yoast.com\/product\/yoast-seo-wordpress\/ -->\n<title>Impressum - Anton Knoll Rohstoffe<\/title>\n<meta name=\"robots\" content=\"index, follow, max-snippet:-1, max-image-preview:large, max-video-preview:-1\" \/>\n<link rel=\"canonical\" href=\"https:\/\/ak-marketing.r2-server.de\/cs\/impressum\/\" \/>\n<meta property=\"og:locale\" content=\"cs_CZ\" \/>\n<meta property=\"og:type\" content=\"article\" \/>\n<meta property=\"og:title\" content=\"Impressum - Anton Knoll Rohstoffe\" \/>\n<meta property=\"og:description\" content=\"Tir\u00e1\u017e Anton Knoll Rohstoffe GmbH Co. KGDorfstra\u00dfe 149744 Geeste-BramharT: +495963 \/ 98292-11F: +495963 \/ 98292-15 info@anton-knoll.deObsah online nab\u00eddky Poskytovatel nep\u0159eb\u00edr\u00e1 \u017e\u00e1dnou odpov\u011bdnost za aktu\u00e1lnost, spr\u00e1vnost, \u00faplnost nebo kvalitu poskytovan\u00fdch informac\u00ed. Autorsk\u00e9 pr\u00e1vo a z\u00e1kon o ochrann\u00fdch zn\u00e1mk\u00e1ch Jak\u00e9koli pou\u017eit\u00ed p\u0159\u00edsp\u011bvk\u016f a ilustrac\u00ed zve\u0159ejn\u011bn\u00fdch na tomto webu, kter\u00e9 nen\u00ed povoleno autorsk\u00fdm z\u00e1konem, vy\u017eaduje p\u0159edchoz\u00ed p\u00edsemn\u00fd souhlas [&hellip;]\" \/>\n<meta property=\"og:url\" content=\"https:\/\/ak-marketing.r2-server.de\/cs\/impressum\/\" \/>\n<meta property=\"og:site_name\" content=\"Anton Knoll Rohstoffe\" \/>\n<meta property=\"article:modified_time\" content=\"2025-09-19T10:45:38+00:00\" \/>\n<meta name=\"twitter:card\" content=\"summary_large_image\" \/>\n<meta name=\"twitter:label1\" content=\"Odhadovan\u00e1 doba \u010dten\u00ed\" \/>\n\t<meta name=\"twitter:data1\" content=\"8 minut\" \/>\n<script type=\"application\/ld+json\" class=\"yoast-schema-graph\">{\"@context\":\"https:\\\/\\\/schema.org\",\"@graph\":[{\"@type\":\"WebPage\",\"@id\":\"https:\\\/\\\/ak-marketing.r2-server.de\\\/cs\\\/impressum\\\/\",\"url\":\"https:\\\/\\\/ak-marketing.r2-server.de\\\/cs\\\/impressum\\\/\",\"name\":\"Impressum - Anton Knoll Rohstoffe\",\"isPartOf\":{\"@id\":\"https:\\\/\\\/ak-marketing.r2-server.de\\\/#website\"},\"datePublished\":\"2024-08-19T06:29:19+00:00\",\"dateModified\":\"2025-09-19T10:45:38+00:00\",\"breadcrumb\":{\"@id\":\"https:\\\/\\\/ak-marketing.r2-server.de\\\/cs\\\/impressum\\\/#breadcrumb\"},\"inLanguage\":\"cs\",\"potentialAction\":[{\"@type\":\"ReadAction\",\"target\":[\"https:\\\/\\\/ak-marketing.r2-server.de\\\/cs\\\/impressum\\\/\"]}]},{\"@type\":\"BreadcrumbList\",\"@id\":\"https:\\\/\\\/ak-marketing.r2-server.de\\\/cs\\\/impressum\\\/#breadcrumb\",\"itemListElement\":[{\"@type\":\"ListItem\",\"position\":1,\"name\":\"Startseite\",\"item\":\"https:\\\/\\\/ak-marketing.r2-server.de\\\/cs\\\/\"},{\"@type\":\"ListItem\",\"position\":2,\"name\":\"Impressum\"}]},{\"@type\":\"WebSite\",\"@id\":\"https:\\\/\\\/ak-marketing.r2-server.de\\\/#website\",\"url\":\"https:\\\/\\\/ak-marketing.r2-server.de\\\/\",\"name\":\"Anton Knoll Rohstoffe\",\"description\":\"\",\"publisher\":{\"@id\":\"https:\\\/\\\/ak-marketing.r2-server.de\\\/#organization\"},\"potentialAction\":[{\"@type\":\"SearchAction\",\"target\":{\"@type\":\"EntryPoint\",\"urlTemplate\":\"https:\\\/\\\/ak-marketing.r2-server.de\\\/?s={search_term_string}\"},\"query-input\":{\"@type\":\"PropertyValueSpecification\",\"valueRequired\":true,\"valueName\":\"search_term_string\"}}],\"inLanguage\":\"cs\"},{\"@type\":\"Organization\",\"@id\":\"https:\\\/\\\/ak-marketing.r2-server.de\\\/#organization\",\"name\":\"Anton Knoll Rohstoffe\",\"url\":\"https:\\\/\\\/ak-marketing.r2-server.de\\\/\",\"logo\":{\"@type\":\"ImageObject\",\"inLanguage\":\"cs\",\"@id\":\"https:\\\/\\\/ak-marketing.r2-server.de\\\/#\\\/schema\\\/logo\\\/image\\\/\",\"url\":\"http:\\\/\\\/www.anton-knoll.com\\\/Rohstoffe\\\/wp-content\\\/uploads\\\/2024\\\/08\\\/logo-knoll-rohstoffe.png\",\"contentUrl\":\"http:\\\/\\\/www.anton-knoll.com\\\/Rohstoffe\\\/wp-content\\\/uploads\\\/2024\\\/08\\\/logo-knoll-rohstoffe.png\",\"width\":560,\"height\":285,\"caption\":\"Anton Knoll Rohstoffe\"},\"image\":{\"@id\":\"https:\\\/\\\/ak-marketing.r2-server.de\\\/#\\\/schema\\\/logo\\\/image\\\/\"}}]}<\/script>\n<!-- \/ Yoast SEO plugin. -->","yoast_head_json":{"title":"Impressum - Anton Knoll Rohstoffe","robots":{"index":"index","follow":"follow","max-snippet":"max-snippet:-1","max-image-preview":"max-image-preview:large","max-video-preview":"max-video-preview:-1"},"canonical":"https:\/\/ak-marketing.r2-server.de\/cs\/impressum\/","og_locale":"cs_CZ","og_type":"article","og_title":"Impressum - Anton Knoll Rohstoffe","og_description":"Tir\u00e1\u017e Anton Knoll Rohstoffe GmbH Co. KGDorfstra\u00dfe 149744 Geeste-BramharT: +495963 \/ 98292-11F: +495963 \/ 98292-15 info@anton-knoll.deObsah online nab\u00eddky Poskytovatel nep\u0159eb\u00edr\u00e1 \u017e\u00e1dnou odpov\u011bdnost za aktu\u00e1lnost, spr\u00e1vnost, \u00faplnost nebo kvalitu poskytovan\u00fdch informac\u00ed. Autorsk\u00e9 pr\u00e1vo a z\u00e1kon o ochrann\u00fdch zn\u00e1mk\u00e1ch Jak\u00e9koli pou\u017eit\u00ed p\u0159\u00edsp\u011bvk\u016f a ilustrac\u00ed zve\u0159ejn\u011bn\u00fdch na tomto webu, kter\u00e9 nen\u00ed povoleno autorsk\u00fdm z\u00e1konem, vy\u017eaduje p\u0159edchoz\u00ed p\u00edsemn\u00fd souhlas [&hellip;]","og_url":"https:\/\/ak-marketing.r2-server.de\/cs\/impressum\/","og_site_name":"Anton Knoll Rohstoffe","article_modified_time":"2025-09-19T10:45:38+00:00","twitter_card":"summary_large_image","twitter_misc":{"Odhadovan\u00e1 doba \u010dten\u00ed":"8 minut"},"schema":{"@context":"https:\/\/schema.org","@graph":[{"@type":"WebPage","@id":"https:\/\/ak-marketing.r2-server.de\/cs\/impressum\/","url":"https:\/\/ak-marketing.r2-server.de\/cs\/impressum\/","name":"Impressum - Anton Knoll Rohstoffe","isPartOf":{"@id":"https:\/\/ak-marketing.r2-server.de\/#website"},"datePublished":"2024-08-19T06:29:19+00:00","dateModified":"2025-09-19T10:45:38+00:00","breadcrumb":{"@id":"https:\/\/ak-marketing.r2-server.de\/cs\/impressum\/#breadcrumb"},"inLanguage":"cs","potentialAction":[{"@type":"ReadAction","target":["https:\/\/ak-marketing.r2-server.de\/cs\/impressum\/"]}]},{"@type":"BreadcrumbList","@id":"https:\/\/ak-marketing.r2-server.de\/cs\/impressum\/#breadcrumb","itemListElement":[{"@type":"ListItem","position":1,"name":"Startseite","item":"https:\/\/ak-marketing.r2-server.de\/cs\/"},{"@type":"ListItem","position":2,"name":"Impressum"}]},{"@type":"WebSite","@id":"https:\/\/ak-marketing.r2-server.de\/#website","url":"https:\/\/ak-marketing.r2-server.de\/","name":"Anton Knoll Rohstoffe","description":"","publisher":{"@id":"https:\/\/ak-marketing.r2-server.de\/#organization"},"potentialAction":[{"@type":"SearchAction","target":{"@type":"EntryPoint","urlTemplate":"https:\/\/ak-marketing.r2-server.de\/?s={search_term_string}"},"query-input":{"@type":"PropertyValueSpecification","valueRequired":true,"valueName":"search_term_string"}}],"inLanguage":"cs"},{"@type":"Organization","@id":"https:\/\/ak-marketing.r2-server.de\/#organization","name":"Anton Knoll Rohstoffe","url":"https:\/\/ak-marketing.r2-server.de\/","logo":{"@type":"ImageObject","inLanguage":"cs","@id":"https:\/\/ak-marketing.r2-server.de\/#\/schema\/logo\/image\/","url":"http:\/\/www.anton-knoll.com\/Rohstoffe\/wp-content\/uploads\/2024\/08\/logo-knoll-rohstoffe.png","contentUrl":"http:\/\/www.anton-knoll.com\/Rohstoffe\/wp-content\/uploads\/2024\/08\/logo-knoll-rohstoffe.png","width":560,"height":285,"caption":"Anton Knoll Rohstoffe"},"image":{"@id":"https:\/\/ak-marketing.r2-server.de\/#\/schema\/logo\/image\/"}}]}},"_links":{"self":[{"href":"https:\/\/ak-marketing.r2-server.de\/cs\/wp-json\/wp\/v2\/pages\/1568","targetHints":{"allow":["GET"]}}],"collection":[{"href":"https:\/\/ak-marketing.r2-server.de\/cs\/wp-json\/wp\/v2\/pages"}],"about":[{"href":"https:\/\/ak-marketing.r2-server.de\/cs\/wp-json\/wp\/v2\/types\/page"}],"author":[{"embeddable":true,"href":"https:\/\/ak-marketing.r2-server.de\/cs\/wp-json\/wp\/v2\/users\/1"}],"replies":[{"embeddable":true,"href":"https:\/\/ak-marketing.r2-server.de\/cs\/wp-json\/wp\/v2\/comments?post=1568"}],"version-history":[{"count":6,"href":"https:\/\/ak-marketing.r2-server.de\/cs\/wp-json\/wp\/v2\/pages\/1568\/revisions"}],"predecessor-version":[{"id":2538,"href":"https:\/\/ak-marketing.r2-server.de\/cs\/wp-json\/wp\/v2\/pages\/1568\/revisions\/2538"}],"wp:attachment":[{"href":"https:\/\/ak-marketing.r2-server.de\/cs\/wp-json\/wp\/v2\/media?parent=1568"}],"curies":[{"name":"wp","href":"https:\/\/api.w.org\/{rel}","templated":true}]}}