{"id":1571,"date":"2024-08-19T08:29:19","date_gmt":"2024-08-19T06:29:19","guid":{"rendered":"http:\/\/www.anton-knoll.com\/Rohstoffe\/impressum\/"},"modified":"2025-09-19T12:43:25","modified_gmt":"2025-09-19T10:43:25","slug":"impressum","status":"publish","type":"page","link":"https:\/\/ak-marketing.r2-server.de\/fr\/impressum\/","title":{"rendered":"Mentions l\u00e9gales"},"content":{"rendered":"<p>[et_pb_section fb_built=\u00a0\u00bb1&Prime; admin_label=\u00a0\u00bbHeader\u00a0\u00bb _builder_version=\u00a0\u00bb4.25.1&Prime; _module_preset=\u00a0\u00bb445ba67a-aca3-4336-97c4-3a4ee4df175e\u00a0\u00bb locked=\u00a0\u00bboff\u00a0\u00bb global_colors_info=\u00a0\u00bb{}\u00a0\u00bb][et_pb_row admin_label=\u00a0\u00bbNavigation\u00a0\u00bb _builder_version=\u00a0\u00bb4.25.1&Prime; _module_preset=\u00a0\u00bb38c466fb-a0d3-4b3c-8c1f-c9088287c1e8&Prime; background_enable_color=\u00a0\u00bboff\u00a0\u00bb width=\u00a0\u00bb100%\u00a0\u00bb max_width=\u00a0\u00bbunset\u00a0\u00bb custom_margin=\u00a0\u00bb0px||0px||true|false\u00a0\u00bb custom_padding=\u00a0\u00bb0px||0px||false|false\u00a0\u00bb custom_css_free_form=\u00a0\u00bbselector {||  margin-left: calc(((100vw &#8211; 1200px) \/ 2));||  width: calc(100vw &#8211; ((100vw &#8211; 1200px) \/ 2)) !important;||  max-width: unset !important;||}||selector:before {||  content: \u00a0\u00bb;||  position: absolute;||  right: 0;||  top: 0;||  width: 100vw;||  height: 300px;||  background-image: linear-gradient(180deg, rgba(255,255,255,1) 0%, rgba(255,255,255,0) 100%);||}||||@media only screen and (max-width: 1400px)||{||  selector {||    margin-left: 7vw;||    width: 93vw !important;||  }||}\u00a0\u00bb global_module=\u00a0\u00bb310&Prime; saved_tabs=\u00a0\u00bball\u00a0\u00bb global_colors_info=\u00a0\u00bb{}\u00a0\u00bb][et_pb_column type=\u00a0\u00bb4_4&Prime; _builder_version=\u00a0\u00bb4.25.1&Prime; _module_preset=\u00a0\u00bb23f8c60a-5213-48e1-9e5d-c3cdd5f27a88&Prime; custom_css_free_form=\u00a0\u00bbselector {||  display: flex;||}\u00a0\u00bb global_colors_info=\u00a0\u00bb{}\u00a0\u00bb][et_pb_image src=\u00a0\u00bbhttps:\/\/ak-marketing.r2-server.de\/wp-content\/uploads\/2024\/08\/logo-knoll-rohstoffe.png\u00a0\u00bb alt=\u00a0\u00bbLogo \/ Anton Knoll &#8211; D\u00fcngemittel\u00a0\u00bb title_text=\u00a0\u00bblogo-knoll-rohstoffe\u00a0\u00bb url=\u00a0\u00bb@ET-DC@eyJkeW5hbWljIjp0cnVlLCJjb250ZW50IjoiaG9tZV91cmwiLCJzZXR0aW5ncyI6eyJlbmFibGVfaHRtbCI6Im9mZiJ9fQ==@\u00a0\u00bb admin_label=\u00a0\u00bbLogo\u00a0\u00bb _builder_version=\u00a0\u00bb4.27.4&Prime; _dynamic_attributes=\u00a0\u00bburl\u00a0\u00bb _module_preset=\u00a0\u00bbdefault\u00a0\u00bb z_index=\u00a0\u00bb10&Prime; width=\u00a0\u00bb280px\u00a0\u00bb width_tablet=\u00a0\u00bb220px\u00a0\u00bb width_phone=\u00a0\u00bb\u00a0\u00bb width_last_edited=\u00a0\u00bbon|phone\u00a0\u00bb custom_margin=\u00a0\u00bb||0px||false|false\u00a0\u00bb animation_style=\u00a0\u00bbfade\u00a0\u00bb locked=\u00a0\u00bboff\u00a0\u00bb global_colors_info=\u00a0\u00bb{}\u00a0\u00bb filter_opacity__hover_enabled=\u00a0\u00bbon|desktop\u00a0\u00bb filter_opacity__hover=\u00a0\u00bb85%\u00a0\u00bb][\/et_pb_image][et_pb_menu menu_id=\u00a0\u00bb3&Prime; active_link_color=\u00a0\u00bb#FF6E00&Prime; dropdown_menu_bg_color=\u00a0\u00bb#FFFFFF\u00a0\u00bb dropdown_menu_text_color=\u00a0\u00bb#827864&Prime; dropdown_menu_active_link_color=\u00a0\u00bb#FF6E00&Prime; mobile_menu_bg_color=\u00a0\u00bbRGBA(255,255,255,0)\u00a0\u00bb mobile_menu_text_color=\u00a0\u00bb#827864&Prime; menu_icon_color=\u00a0\u00bb#FFFFFF\u00a0\u00bb _builder_version=\u00a0\u00bb4.27.4&Prime; _module_preset=\u00a0\u00bbdefault\u00a0\u00bb menu_font=\u00a0\u00bb|800||on|||||\u00a0\u00bb menu_text_color=\u00a0\u00bb#827864&Prime; menu_font_size=\u00a0\u00bb15px\u00a0\u00bb menu_letter_spacing=\u00a0\u00bb1px\u00a0\u00bb background_enable_color=\u00a0\u00bboff\u00a0\u00bb custom_margin=\u00a0\u00bb0px||0px||true|false\u00a0\u00bb animation_style=\u00a0\u00bbfade\u00a0\u00bb animation_direction=\u00a0\u00bbtop\u00a0\u00bb custom_css_free_form=\u00a0\u00bb||\/* GRID *\/||||selector {||  flex-grow: 1;||}||||\/* MENU DESKTOP *\/||||selector .et_pb_menu__menu,||selector .et-menu-nav,||selector .et-menu {||\tflex-grow: 1;||}||selector .et-menu {||\tdisplay: flex;||\tjustify-content: space-around !important;||\tmargin: 0;||  \tmax-width: 1600px;||}||selector li a {||\tline-height: 1 !important;||}||selector .et-menu-nav {||  padding: 44px 30px 0 30px;||}||selector .et-menu-nav .et-menu li {||\tpadding-top: 20px;||\tpadding-bottom: 20px;||\tmargin: 0;||}||selector .et-menu-nav .et-menu li a {||\tpadding-bottom: 0;||}||selector .et-menu-nav .et-menu li.contact {||\tpadding-top: 0;||\tpadding-bottom: 0;||}||selector .et-menu-nav .et-menu li.contact a {||\tcolor: #fff !important;||\tbackground: #ff6e00;||\tpadding: 20px 55px 20px 30px;||\ttransition: all 300ms ease 0ms;||}||selector .et-menu-nav .et-menu li.contact a:hover {||\tbackground: #ff8426;||}||selector .et-menu-nav .et-menu li.contact a:after {||\tline-height: inherit;||    font-size: inherit !important;||    opacity: 1;||    margin-left: .3em;||    left: auto;||    font-family: ETmodules !important;||    font-weight: 400 !important;||\tposition: absolute;||\ttransform: scale(1.4);||    margin-left: 10px !important;||\tcontent: &lsquo;$&rsquo;;||}||||\/* Sprachschalter *\/||||selector li.wpml-ls-item a {||\tpadding-left: 30px !important;||\tposition: relative;||}||selector li.wpml-ls-item a:before {||\tcontent: \u00a0\u00bb;||\tposition: absolute;||\tleft: 0;||\ttop: 50%;||\tmargin-top: -11px;||\twidth: 22px;||\theight: 22px;||    border-radius: 50%;||    -webkit-border-radius: 50%;||    -moz-border-radius: 50%;||\tbackground-size: 22px 22px;||\tbox-shadow: 0px 0px 1px 1px rgba(0,0,0,.2);||}||selector li.wpml-ls-item.wpml-ls-item-de > a:before {||\tbackground-image: url(\/wp-content\/uploads\/2024\/08\/flag_de.png);||}||selector li.wpml-ls-item.wpml-ls-item-en > a:before {||\tbackground-image: url(\/wp-content\/uploads\/2024\/08\/flag_gb.png);||}||selector li.wpml-ls-item.wpml-ls-item-fr > a:before {||\tbackground-image: url(\/wp-content\/uploads\/2024\/08\/flag_fr.png);||}||selector li.wpml-ls-item.wpml-ls-item-cs > a:before {||\tbackground-image: url(\/wp-content\/uploads\/2024\/08\/flag_cs.png);||}||selector li.wpml-ls-item.wpml-ls-item-pl > a:before {||\tbackground-image: url(\/wp-content\/uploads\/2024\/08\/flag_pl.png);||}||||\/* Submenu *\/||||selector .et-menu-nav .et-menu ul.sub-menu {||\ttop: 100% !important;||\tborder: none;||\twidth: 270px;||\tleft: -13px;||\tpadding: 9px 24px;||\tbackground: #fff !important;||}||selector .et-menu-nav .et-menu li.wpml-ls-item ul.sub-menu {||\twidth: 110px;||}||||selector .et-menu-nav .et-menu ul.sub-menu li {||\tbackground: none !important;||\tpadding: 0;||\tborder-top: 1px solid rgba(0,75,75,0.1);||\tdisplay: block !important;||}||selector .et-menu-nav .et-menu ul.sub-menu li:first-child {||\tborder: none;||}||selector .et-menu-nav .et-menu ul.sub-menu li a {||\tpadding: 15px 0;||\tbackground: none !important;||\tfont-weight: 400 !important;||\topacity: 1 !important;||\tline-height: 1.2;||\ttext-transform: unset;||\tletter-spacing: unset;||\tfont-size: 17px;||\twidth: unset;||}||||\/* BREAKPOINT *\/||||@media only screen and (max-width: 1300px) ||{||\tselector .et_pb_menu__menu { ||\t\tdisplay: none; ||\t}||\tselector .et_mobile_nav_menu { ||\t\tdisplay: block; ||\t}\t||\tselector .et_pb_menu__wrap {||\t\tjustify-content: flex-end;||\t}||}||||\/* MOBILE MENU *\/||||selector .mobile_menu_bar {||    height: 59px;||    width: 59px;||    display: flex;||    flex-direction: column;||    justify-content: center;||    text-align: center;||\tbackground-color: #ff6e00;||\ttransition: all 300ms ease 0ms;||\tmargin: 42px 7vw;||}||selector .mobile_menu_bar:hover {||\tbackground-color: #ff8426;||}||selector .mobile_menu_bar:before {||\ttop: 1px;||}||selector .mobile_nav.opened .mobile_menu_bar:before {||\tcontent: &lsquo;M&rsquo; !important;||}||selector .et_mobile_nav_menu {||\tmargin: 0;||}||||@media only screen and (max-width: 980px) ||{||\tselector .mobile_menu_bar {||\t\theight: 40px;||\t\twidth: 40px;||\t\tmargin: 36px 7vw;||\t}||\tselector .mobile_menu_bar:before {||\t\tfont-size: 26px !important;||\t}||}||||\/* MOBILE MENU DROPDOWN *\/||||selector .et_mobile_menu {||\tborder: none;||\tlist-style: none;||\tpadding: 30px 0;||\ttext-align: left;||\tmin-height: 100vh;||\t-moz-box-shadow: none !important;||\t-webkit-box-shadow: none !important;||\tbox-shadow: none !important;||\tmargin-left: -280px;||\twidth: 86vw;||}||||@media only screen and (max-width: 980px) ||{||\tselector .et_mobile_menu {||\t\tmargin-left: -220px;||\t}||}||selector .mobile_nav:before {||\tcontent: \u00a0\u00bb;||\tposition: fixed;||\ttop: 0;||\tleft: 0;||\tright: 0;||\tmin-height: 1000vh;||\tz-index: -1;||\topacity: 0;||\ttransition: all .4s ease-in-out;||\tpointer-events: none;||\tbackground: rgba(255,255,255,.8);||\t-webkit-backdrop-filter: blur(10px);||\tbackdrop-filter: blur(10px);||}||selector .mobile_nav.opened:before {||\topacity: 1;||}||selector .et_mobile_menu li {||\tborder-top: 1px solid rgba(0,75,75,0.1);||}||selector .et_mobile_menu li:first-child {||\tborder-top: none;||}||selector .et_mobile_menu li a {||\tpadding: 16px 0;||\tdisplay: block;||\tbackground: none !important;||\topacity: 1 !important;||\tborder: none !important;||\tposition: relative;||}||selector .et_mobile_menu li.contact {||\tborder-top: none;||\tmargin-top: 10px;||}||selector .et_mobile_menu li.contact a {||\tcolor: #fff !important;||\tbackground: #ff6e00 !important;||\tpadding: 20px 55px 20px 30px !important;||\ttransition: all 300ms ease 0ms;||\tdisplay: block;||\ttext-align: center;||}||selector .et_mobile_menu li.contact a:hover {||\tbackground: #ff8426 !important;||\tcolor: #fff !important;||}||selector .et_mobile_menu li.contact a:after {||\tline-height: inherit;||    font-size: inherit !important;||    opacity: 1;||    margin-left: .3em;||    left: auto;||    font-family: ETmodules !important;||    font-weight: 400 !important;||\tposition: absolute;||\ttransform: scale(1.4);||    margin-left: 10px !important;||\tcontent: &lsquo;$&rsquo;;||}||||\/* Submenue *\/||||selector .et_mobile_menu li ul.sub-menu {||\ttext-align: left;||\tpadding: 0;||\tlist-style: none !important;||}||selector .et_mobile_menu li ul.sub-menu li {||\tpadding-left: 0;||\tmargin-left: 30px;||}||selector .et_mobile_menu li ul.sub-menu li a {||\ttext-transform: unset;||\tletter-spacing: unset;||\tfont-size: 17px;||\tfont-weight: 400;||\tcolor: #004b4b !important;||}||selector .et_mobile_menu li ul.sub-menu li a:hover,||selector li.current_page_item a {||\tcolor: #ff6e00 !important;||}||selector .et_mobile_menu li.current-menu-item.contact a {||\tcolor: #fff !important;||}||selector .et_mobile_menu li ul.sub-menu li a:after {||\tdisplay: none;||}||selector .et_mobile_menu .menu-item-has-children a {||\tpadding-right: 18px !important;||}||selector .et_mobile_menu .menu-item-has-children a:after {||\tfont-family: &lsquo;ETmodules&rsquo;;||\ttext-align: center;||\tspeak: none;||\tfont-weight: normal;||\tfont-variant: normal;||\ttext-transform: none;||\t-webkit-font-smoothing: antialiased;||\tposition: absolute;||\tfont-size: 17px;||\tcontent: &lsquo;3&rsquo;;||\ttop: 15px;||\tright: 0;||}||selector .et_mobile_menu .menu-item-has-children.wpml-ls-item a {||\tpadding-left: 0px !important;||\tpadding-right: 48px !important;||}||selector .et_mobile_menu .menu-item-has-children.wpml-ls-item a:before {||\tleft: unset;||\tright: 25px;||}||selector .et_mobile_menu .menu-item-has-children.visible a:after {||\t\tcontent: &lsquo;2&rsquo;;||}||selector .et_mobile_menu ul.sub-menu {||\tmax-height: 0px !important;||\tdisplay: block !important;||\tvisibility: hidden !important;||\topacity: 0 !important;||\t-webkit-transition: all .2s ease-in-out;||\t-moz-transition: all .2s ease-in-out;||\ttransition: all .2s ease-in-out;||}||selector .et_mobile_menu .visible ul.sub-menu {||\tmax-height: 1000px !important;||\tdisplay: block !important;||\tvisibility: visible !important;||\topacity: 1 !important;||}||selector.et_pb_menu ul li.current-menu-parent a,||selector.et_pb_menu ul li.current-page-ancestor a {||\tcolor: #ff6e00 !important;||}\u00a0\u00bb global_colors_info=\u00a0\u00bb{}\u00a0\u00bb menu_text_color__hover_enabled=\u00a0\u00bbon|desktop\u00a0\u00bb menu_text_color__hover=\u00a0\u00bb#FF6E00&Prime; dropdown_menu_text_color__hover_enabled=\u00a0\u00bbon|desktop\u00a0\u00bb dropdown_menu_text_color__hover=\u00a0\u00bb#FF6E00&Prime;][\/et_pb_menu][\/et_pb_column][\/et_pb_row][\/et_pb_section][et_pb_section fb_built=\u00a0\u00bb1&Prime; admin_label=\u00a0\u00bbSection\u00a0\u00bb _builder_version=\u00a0\u00bb4.25.1&Prime; _module_preset=\u00a0\u00bbeac36d24-5ae8-4699-8ca6-5a0d31d21d39&Prime; global_colors_info=\u00a0\u00bb{}\u00a0\u00bb][et_pb_row _builder_version=\u00a0\u00bb4.25.1&Prime; _module_preset=\u00a0\u00bb7cc296e1-6818-4032-b6d3-c78cd8bb6fa3&Prime; global_colors_info=\u00a0\u00bb{}\u00a0\u00bb][et_pb_column type=\u00a0\u00bb4_4&Prime; _builder_version=\u00a0\u00bb4.25.1&Prime; _module_preset=\u00a0\u00bb0525e39a-843a-4442-8392-b6f82ebcf075&Prime; global_colors_info=\u00a0\u00bb{}\u00a0\u00bb][et_pb_text _builder_version=\u00a0\u00bb4.27.0&Prime; _module_preset=\u00a0\u00bbe684411f-083e-4bb1-8746-ce17539f955f\u00a0\u00bb custom_margin=\u00a0\u00bb||||false|false\u00a0\u00bb global_colors_info=\u00a0\u00bb{}\u00a0\u00bb]<\/p>\n<h1>Mentions l\u00e9gales<\/h1>\n<p>Anton Knoll Rohstoffe GmbH Co. KG<br \/>Dorfstra\u00dfe 1<br \/>49744 Geeste-Bramhar<\/p>\n<p>T: +495963 \/ 98292-11<br \/>F: +495963 \/ 98292-15 <br \/><a href=\"mailto:info@anton-knoll.de\">info@anton-knoll.de<\/a><\/p>\n<p><\/p>\n<p>[\/et_pb_text][\/et_pb_column][\/et_pb_row][\/et_pb_section][et_pb_section fb_built=\u00a0\u00bb1&Prime; admin_label=\u00a0\u00bbSection\u00a0\u00bb _builder_version=\u00a0\u00bb4.25.1&Prime; _module_preset=\u00a0\u00bbeac36d24-5ae8-4699-8ca6-5a0d31d21d39&Prime; background_color=\u00a0\u00bb#F2F6F6&Prime; global_colors_info=\u00a0\u00bb{}\u00a0\u00bb][et_pb_row _builder_version=\u00a0\u00bb4.25.1&Prime; _module_preset=\u00a0\u00bb7cc296e1-6818-4032-b6d3-c78cd8bb6fa3&Prime; global_colors_info=\u00a0\u00bb{}\u00a0\u00bb][et_pb_column type=\u00a0\u00bb4_4&Prime; _builder_version=\u00a0\u00bb4.25.1&Prime; _module_preset=\u00a0\u00bb0525e39a-843a-4442-8392-b6f82ebcf075&Prime; global_colors_info=\u00a0\u00bb{}\u00a0\u00bb][et_pb_text _builder_version=\u00a0\u00bb4.25.1&Prime; _module_preset=\u00a0\u00bbe684411f-083e-4bb1-8746-ce17539f955f\u00a0\u00bb custom_margin=\u00a0\u00bb||||false|false\u00a0\u00bb global_colors_info=\u00a0\u00bb{}\u00a0\u00bb]<\/p>\n<h2>Contenu de l&rsquo;offre en ligne<\/h2>\n<p>Le fournisseur d\u00e9cline toute responsabilit\u00e9 quant \u00e0 l&rsquo;actualit\u00e9, l&rsquo;exactitude, l&rsquo;exhaustivit\u00e9 ou la qualit\u00e9 des informations mises \u00e0 disposition.<\/p>\n<h2>Droit d&rsquo;auteur et droit des marques<\/h2>\n<p>Toute utilisation des contributions et illustrations publi\u00e9es sur ce site Internet qui n&rsquo;est pas autoris\u00e9e par la loi sur le droit d&rsquo;auteur n\u00e9cessite l&rsquo;accord \u00e9crit pr\u00e9alable du fournisseur. Cela s&rsquo;applique en particulier \u00e0 la duplication, au traitement, \u00e0 la traduction, au stockage, au traitement ou \u00e0 la reproduction de contenus dans des bases de donn\u00e9es ou d&rsquo;autres supports et syst\u00e8mes \u00e9lectroniques. <\/p>\n<p>[\/et_pb_text][\/et_pb_column][\/et_pb_row][\/et_pb_section]<\/p>\n","protected":false},"excerpt":{"rendered":"<p>Mentions l\u00e9gales Anton Knoll Rohstoffe GmbH Co. KGDorfstra\u00dfe 149744 Geeste-BramharT: +495963 \/ 98292-11F: +495963 \/ 98292-15 info@anton-knoll.deContenu de l&rsquo;offre en ligne Le fournisseur d\u00e9cline toute responsabilit\u00e9 quant \u00e0 l&rsquo;actualit\u00e9, l&rsquo;exactitude, l&rsquo;exhaustivit\u00e9 ou la qualit\u00e9 des informations mises \u00e0 disposition. Droit d&rsquo;auteur et droit des marques Toute utilisation des contributions et illustrations publi\u00e9es sur ce site [&hellip;]<\/p>\n","protected":false},"author":1,"featured_media":0,"parent":0,"menu_order":10,"comment_status":"closed","ping_status":"closed","template":"","meta":{"_et_pb_use_builder":"on","_et_pb_old_content":"","_et_gb_content_width":"","footnotes":""},"class_list":["post-1571","page","type-page","status-publish","hentry"],"yoast_head":"<!-- This site is optimized with the Yoast SEO plugin v27.4 - https:\/\/yoast.com\/product\/yoast-seo-wordpress\/ -->\n<title>Mentions l\u00e9gales - Anton Knoll Rohstoffe<\/title>\n<meta name=\"robots\" content=\"index, follow, max-snippet:-1, max-image-preview:large, max-video-preview:-1\" \/>\n<link rel=\"canonical\" href=\"https:\/\/ak-marketing.r2-server.de\/fr\/impressum\/\" \/>\n<meta property=\"og:locale\" content=\"fr_FR\" \/>\n<meta property=\"og:type\" content=\"article\" \/>\n<meta property=\"og:title\" content=\"Mentions l\u00e9gales - Anton Knoll Rohstoffe\" \/>\n<meta property=\"og:description\" content=\"Mentions l\u00e9gales Anton Knoll Rohstoffe GmbH Co. KGDorfstra\u00dfe 149744 Geeste-BramharT: +495963 \/ 98292-11F: +495963 \/ 98292-15 info@anton-knoll.deContenu de l&#039;offre en ligne Le fournisseur d\u00e9cline toute responsabilit\u00e9 quant \u00e0 l&#039;actualit\u00e9, l&#039;exactitude, l&#039;exhaustivit\u00e9 ou la qualit\u00e9 des informations mises \u00e0 disposition. Droit d&#039;auteur et droit des marques Toute utilisation des contributions et illustrations publi\u00e9es sur ce site [&hellip;]\" \/>\n<meta property=\"og:url\" content=\"https:\/\/ak-marketing.r2-server.de\/fr\/impressum\/\" \/>\n<meta property=\"og:site_name\" content=\"Anton Knoll Rohstoffe\" \/>\n<meta property=\"article:modified_time\" content=\"2025-09-19T10:43:25+00:00\" \/>\n<meta name=\"twitter:card\" content=\"summary_large_image\" \/>\n<meta name=\"twitter:label1\" content=\"Dur\u00e9e de lecture estim\u00e9e\" \/>\n\t<meta name=\"twitter:data1\" content=\"8 minutes\" \/>\n<script type=\"application\/ld+json\" class=\"yoast-schema-graph\">{\"@context\":\"https:\\\/\\\/schema.org\",\"@graph\":[{\"@type\":\"WebPage\",\"@id\":\"https:\\\/\\\/ak-marketing.r2-server.de\\\/fr\\\/impressum\\\/\",\"url\":\"https:\\\/\\\/ak-marketing.r2-server.de\\\/fr\\\/impressum\\\/\",\"name\":\"Mentions l\u00e9gales - Anton Knoll Rohstoffe\",\"isPartOf\":{\"@id\":\"https:\\\/\\\/ak-marketing.r2-server.de\\\/#website\"},\"datePublished\":\"2024-08-19T06:29:19+00:00\",\"dateModified\":\"2025-09-19T10:43:25+00:00\",\"breadcrumb\":{\"@id\":\"https:\\\/\\\/ak-marketing.r2-server.de\\\/fr\\\/impressum\\\/#breadcrumb\"},\"inLanguage\":\"fr-FR\",\"potentialAction\":[{\"@type\":\"ReadAction\",\"target\":[\"https:\\\/\\\/ak-marketing.r2-server.de\\\/fr\\\/impressum\\\/\"]}]},{\"@type\":\"BreadcrumbList\",\"@id\":\"https:\\\/\\\/ak-marketing.r2-server.de\\\/fr\\\/impressum\\\/#breadcrumb\",\"itemListElement\":[{\"@type\":\"ListItem\",\"position\":1,\"name\":\"Startseite\",\"item\":\"https:\\\/\\\/ak-marketing.r2-server.de\\\/fr\\\/\"},{\"@type\":\"ListItem\",\"position\":2,\"name\":\"Mentions l\u00e9gales\"}]},{\"@type\":\"WebSite\",\"@id\":\"https:\\\/\\\/ak-marketing.r2-server.de\\\/#website\",\"url\":\"https:\\\/\\\/ak-marketing.r2-server.de\\\/\",\"name\":\"Anton Knoll Rohstoffe\",\"description\":\"\",\"publisher\":{\"@id\":\"https:\\\/\\\/ak-marketing.r2-server.de\\\/#organization\"},\"potentialAction\":[{\"@type\":\"SearchAction\",\"target\":{\"@type\":\"EntryPoint\",\"urlTemplate\":\"https:\\\/\\\/ak-marketing.r2-server.de\\\/?s={search_term_string}\"},\"query-input\":{\"@type\":\"PropertyValueSpecification\",\"valueRequired\":true,\"valueName\":\"search_term_string\"}}],\"inLanguage\":\"fr-FR\"},{\"@type\":\"Organization\",\"@id\":\"https:\\\/\\\/ak-marketing.r2-server.de\\\/#organization\",\"name\":\"Anton Knoll Rohstoffe\",\"url\":\"https:\\\/\\\/ak-marketing.r2-server.de\\\/\",\"logo\":{\"@type\":\"ImageObject\",\"inLanguage\":\"fr-FR\",\"@id\":\"https:\\\/\\\/ak-marketing.r2-server.de\\\/#\\\/schema\\\/logo\\\/image\\\/\",\"url\":\"http:\\\/\\\/www.anton-knoll.com\\\/Rohstoffe\\\/wp-content\\\/uploads\\\/2024\\\/08\\\/logo-knoll-rohstoffe.png\",\"contentUrl\":\"http:\\\/\\\/www.anton-knoll.com\\\/Rohstoffe\\\/wp-content\\\/uploads\\\/2024\\\/08\\\/logo-knoll-rohstoffe.png\",\"width\":560,\"height\":285,\"caption\":\"Anton Knoll Rohstoffe\"},\"image\":{\"@id\":\"https:\\\/\\\/ak-marketing.r2-server.de\\\/#\\\/schema\\\/logo\\\/image\\\/\"}}]}<\/script>\n<!-- \/ Yoast SEO plugin. -->","yoast_head_json":{"title":"Mentions l\u00e9gales - Anton Knoll Rohstoffe","robots":{"index":"index","follow":"follow","max-snippet":"max-snippet:-1","max-image-preview":"max-image-preview:large","max-video-preview":"max-video-preview:-1"},"canonical":"https:\/\/ak-marketing.r2-server.de\/fr\/impressum\/","og_locale":"fr_FR","og_type":"article","og_title":"Mentions l\u00e9gales - Anton Knoll Rohstoffe","og_description":"Mentions l\u00e9gales Anton Knoll Rohstoffe GmbH Co. KGDorfstra\u00dfe 149744 Geeste-BramharT: +495963 \/ 98292-11F: +495963 \/ 98292-15 info@anton-knoll.deContenu de l'offre en ligne Le fournisseur d\u00e9cline toute responsabilit\u00e9 quant \u00e0 l'actualit\u00e9, l'exactitude, l'exhaustivit\u00e9 ou la qualit\u00e9 des informations mises \u00e0 disposition. Droit d'auteur et droit des marques Toute utilisation des contributions et illustrations publi\u00e9es sur ce site [&hellip;]","og_url":"https:\/\/ak-marketing.r2-server.de\/fr\/impressum\/","og_site_name":"Anton Knoll Rohstoffe","article_modified_time":"2025-09-19T10:43:25+00:00","twitter_card":"summary_large_image","twitter_misc":{"Dur\u00e9e de lecture estim\u00e9e":"8 minutes"},"schema":{"@context":"https:\/\/schema.org","@graph":[{"@type":"WebPage","@id":"https:\/\/ak-marketing.r2-server.de\/fr\/impressum\/","url":"https:\/\/ak-marketing.r2-server.de\/fr\/impressum\/","name":"Mentions l\u00e9gales - Anton Knoll Rohstoffe","isPartOf":{"@id":"https:\/\/ak-marketing.r2-server.de\/#website"},"datePublished":"2024-08-19T06:29:19+00:00","dateModified":"2025-09-19T10:43:25+00:00","breadcrumb":{"@id":"https:\/\/ak-marketing.r2-server.de\/fr\/impressum\/#breadcrumb"},"inLanguage":"fr-FR","potentialAction":[{"@type":"ReadAction","target":["https:\/\/ak-marketing.r2-server.de\/fr\/impressum\/"]}]},{"@type":"BreadcrumbList","@id":"https:\/\/ak-marketing.r2-server.de\/fr\/impressum\/#breadcrumb","itemListElement":[{"@type":"ListItem","position":1,"name":"Startseite","item":"https:\/\/ak-marketing.r2-server.de\/fr\/"},{"@type":"ListItem","position":2,"name":"Mentions l\u00e9gales"}]},{"@type":"WebSite","@id":"https:\/\/ak-marketing.r2-server.de\/#website","url":"https:\/\/ak-marketing.r2-server.de\/","name":"Anton Knoll Rohstoffe","description":"","publisher":{"@id":"https:\/\/ak-marketing.r2-server.de\/#organization"},"potentialAction":[{"@type":"SearchAction","target":{"@type":"EntryPoint","urlTemplate":"https:\/\/ak-marketing.r2-server.de\/?s={search_term_string}"},"query-input":{"@type":"PropertyValueSpecification","valueRequired":true,"valueName":"search_term_string"}}],"inLanguage":"fr-FR"},{"@type":"Organization","@id":"https:\/\/ak-marketing.r2-server.de\/#organization","name":"Anton Knoll Rohstoffe","url":"https:\/\/ak-marketing.r2-server.de\/","logo":{"@type":"ImageObject","inLanguage":"fr-FR","@id":"https:\/\/ak-marketing.r2-server.de\/#\/schema\/logo\/image\/","url":"http:\/\/www.anton-knoll.com\/Rohstoffe\/wp-content\/uploads\/2024\/08\/logo-knoll-rohstoffe.png","contentUrl":"http:\/\/www.anton-knoll.com\/Rohstoffe\/wp-content\/uploads\/2024\/08\/logo-knoll-rohstoffe.png","width":560,"height":285,"caption":"Anton Knoll Rohstoffe"},"image":{"@id":"https:\/\/ak-marketing.r2-server.de\/#\/schema\/logo\/image\/"}}]}},"_links":{"self":[{"href":"https:\/\/ak-marketing.r2-server.de\/fr\/wp-json\/wp\/v2\/pages\/1571","targetHints":{"allow":["GET"]}}],"collection":[{"href":"https:\/\/ak-marketing.r2-server.de\/fr\/wp-json\/wp\/v2\/pages"}],"about":[{"href":"https:\/\/ak-marketing.r2-server.de\/fr\/wp-json\/wp\/v2\/types\/page"}],"author":[{"embeddable":true,"href":"https:\/\/ak-marketing.r2-server.de\/fr\/wp-json\/wp\/v2\/users\/1"}],"replies":[{"embeddable":true,"href":"https:\/\/ak-marketing.r2-server.de\/fr\/wp-json\/wp\/v2\/comments?post=1571"}],"version-history":[{"count":12,"href":"https:\/\/ak-marketing.r2-server.de\/fr\/wp-json\/wp\/v2\/pages\/1571\/revisions"}],"predecessor-version":[{"id":2536,"href":"https:\/\/ak-marketing.r2-server.de\/fr\/wp-json\/wp\/v2\/pages\/1571\/revisions\/2536"}],"wp:attachment":[{"href":"https:\/\/ak-marketing.r2-server.de\/fr\/wp-json\/wp\/v2\/media?parent=1571"}],"curies":[{"name":"wp","href":"https:\/\/api.w.org\/{rel}","templated":true}]}}