{"id":1598,"date":"2024-08-19T10:14:59","date_gmt":"2024-08-19T08:14:59","guid":{"rendered":"http:\/\/www.anton-knoll.com\/Rohstoffe\/abgabe\/"},"modified":"2025-07-15T11:38:19","modified_gmt":"2025-07-15T09:38:19","slug":"abgabe","status":"publish","type":"page","link":"https:\/\/ak-marketing.r2-server.de\/fr\/abgabe\/","title":{"rendered":"Soumettre des mati\u00e8res"},"content":{"rendered":"<p>[et_pb_section fb_built=\u00a0\u00bb1&Prime; admin_label=\u00a0\u00bbHeader\u00a0\u00bb _builder_version=\u00a0\u00bb4.27.0&Prime; _module_preset=\u00a0\u00bb45ebe685-2282-488e-ae0e-a130b0a2badb\u00a0\u00bb background_image=\u00a0\u00bbhttps:\/\/ak-marketing.r2-server.de\/wp-content\/uploads\/2024\/10\/hafen.jpg\u00a0\u00bb hover_enabled=\u00a0\u00bb0&Prime; global_colors_info=\u00a0\u00bb{}\u00a0\u00bb title_text=\u00a0\u00bbhafen\u00a0\u00bb sticky_enabled=\u00a0\u00bb0&Prime;][et_pb_row admin_label=\u00a0\u00bbNavigation\u00a0\u00bb _builder_version=\u00a0\u00bb4.25.1&Prime; _module_preset=\u00a0\u00bb38c466fb-a0d3-4b3c-8c1f-c9088287c1e8&Prime; background_enable_color=\u00a0\u00bboff\u00a0\u00bb width=\u00a0\u00bb100%\u00a0\u00bb max_width=\u00a0\u00bbunset\u00a0\u00bb custom_margin=\u00a0\u00bb0px||0px||true|false\u00a0\u00bb custom_padding=\u00a0\u00bb0px||0px||false|false\u00a0\u00bb custom_css_free_form=\u00a0\u00bbselector {||  margin-left: calc(((100vw &#8211; 1200px) \/ 2));||  width: calc(100vw &#8211; ((100vw &#8211; 1200px) \/ 2)) !important;||  max-width: unset !important;||}||selector:before {||  content: \u00a0\u00bb;||  position: absolute;||  right: 0;||  top: 0;||  width: 100vw;||  height: 300px;||  background-image: linear-gradient(180deg, rgba(255,255,255,1) 0%, rgba(255,255,255,0) 100%);||}||||@media only screen and (max-width: 1400px)||{||  selector {||    margin-left: 7vw;||    width: 93vw !important;||  }||}\u00a0\u00bb global_module=\u00a0\u00bb310&Prime; saved_tabs=\u00a0\u00bball\u00a0\u00bb global_colors_info=\u00a0\u00bb{}\u00a0\u00bb][et_pb_column type=\u00a0\u00bb4_4&Prime; _builder_version=\u00a0\u00bb4.25.1&Prime; _module_preset=\u00a0\u00bb23f8c60a-5213-48e1-9e5d-c3cdd5f27a88&Prime; custom_css_free_form=\u00a0\u00bbselector {||  display: flex;||}\u00a0\u00bb global_colors_info=\u00a0\u00bb{}\u00a0\u00bb][et_pb_image src=\u00a0\u00bbhttps:\/\/ak-marketing.r2-server.de\/wp-content\/uploads\/2024\/08\/logo-knoll-rohstoffe.png\u00a0\u00bb alt=\u00a0\u00bbLogo \/ Anton Knoll &#8211; D\u00fcngemittel\u00a0\u00bb title_text=\u00a0\u00bblogo-knoll-rohstoffe\u00a0\u00bb url=\u00a0\u00bb@ET-DC@eyJkeW5hbWljIjp0cnVlLCJjb250ZW50IjoiaG9tZV91cmwiLCJzZXR0aW5ncyI6eyJlbmFibGVfaHRtbCI6Im9mZiJ9fQ==@\u00a0\u00bb admin_label=\u00a0\u00bbLogo\u00a0\u00bb _builder_version=\u00a0\u00bb4.27.0&Prime; _dynamic_attributes=\u00a0\u00bburl\u00a0\u00bb _module_preset=\u00a0\u00bbdefault\u00a0\u00bb z_index=\u00a0\u00bb10&Prime; width=\u00a0\u00bb280px\u00a0\u00bb width_tablet=\u00a0\u00bb220px\u00a0\u00bb width_phone=\u00a0\u00bb\u00a0\u00bb width_last_edited=\u00a0\u00bbon|phone\u00a0\u00bb custom_margin=\u00a0\u00bb||0px||false|false\u00a0\u00bb animation_style=\u00a0\u00bbfade\u00a0\u00bb locked=\u00a0\u00bboff\u00a0\u00bb global_colors_info=\u00a0\u00bb{}\u00a0\u00bb filter_opacity__hover_enabled=\u00a0\u00bbon|desktop\u00a0\u00bb filter_opacity__hover=\u00a0\u00bb85%\u00a0\u00bb][\/et_pb_image][et_pb_menu menu_id=\u00a0\u00bb3&Prime; active_link_color=\u00a0\u00bb#FF6E00&Prime; dropdown_menu_bg_color=\u00a0\u00bb#FFFFFF\u00a0\u00bb dropdown_menu_text_color=\u00a0\u00bb#827864&Prime; dropdown_menu_active_link_color=\u00a0\u00bb#FF6E00&Prime; mobile_menu_bg_color=\u00a0\u00bbRGBA(255,255,255,0)\u00a0\u00bb mobile_menu_text_color=\u00a0\u00bb#827864&Prime; menu_icon_color=\u00a0\u00bb#FFFFFF\u00a0\u00bb _builder_version=\u00a0\u00bb4.27.0&Prime; _module_preset=\u00a0\u00bbdefault\u00a0\u00bb menu_font=\u00a0\u00bb|800||on|||||\u00a0\u00bb menu_text_color=\u00a0\u00bb#827864&Prime; menu_font_size=\u00a0\u00bb15px\u00a0\u00bb menu_letter_spacing=\u00a0\u00bb1px\u00a0\u00bb background_enable_color=\u00a0\u00bboff\u00a0\u00bb custom_margin=\u00a0\u00bb0px||0px||true|false\u00a0\u00bb animation_style=\u00a0\u00bbfade\u00a0\u00bb animation_direction=\u00a0\u00bbtop\u00a0\u00bb custom_css_free_form=\u00a0\u00bb||\/* GRID *\/||||selector {||  flex-grow: 1;||}||||\/* MENU DESKTOP *\/||||selector .et_pb_menu__menu,||selector .et-menu-nav,||selector .et-menu {||\tflex-grow: 1;||}||selector .et-menu {||\tdisplay: flex;||\tjustify-content: space-around !important;||\tmargin: 0;||  \tmax-width: 1600px;||}||selector li a {||\tline-height: 1 !important;||}||selector .et-menu-nav {||  padding: 44px 30px 0 30px;||}||selector .et-menu-nav .et-menu li {||\tpadding-top: 20px;||\tpadding-bottom: 20px;||\tmargin: 0;||}||selector .et-menu-nav .et-menu li a {||\tpadding-bottom: 0;||}||selector .et-menu-nav .et-menu li.contact {||\tpadding-top: 0;||\tpadding-bottom: 0;||}||selector .et-menu-nav .et-menu li.contact a {||\tcolor: #fff !important;||\tbackground: #ff6e00;||\tpadding: 20px 55px 20px 30px;||\ttransition: all 300ms ease 0ms;||}||selector .et-menu-nav .et-menu li.contact a:hover {||\tbackground: #ff8426;||}||selector .et-menu-nav .et-menu li.contact a:after {||\tline-height: inherit;||    font-size: inherit !important;||    opacity: 1;||    margin-left: .3em;||    left: auto;||    font-family: ETmodules !important;||    font-weight: 400 !important;||\tposition: absolute;||\ttransform: scale(1.4);||    margin-left: 10px !important;||\tcontent: &lsquo;$&rsquo;;||}||||\/* Sprachschalter *\/||||selector li.wpml-ls-item a {||\tpadding-left: 30px !important;||\tposition: relative;||}||selector li.wpml-ls-item a:before {||\tcontent: \u00a0\u00bb;||\tposition: absolute;||\tleft: 0;||\ttop: 50%;||\tmargin-top: -11px;||\twidth: 22px;||\theight: 22px;||    border-radius: 50%;||    -webkit-border-radius: 50%;||    -moz-border-radius: 50%;||\tbackground-size: 22px 22px;||\tbox-shadow: 0px 0px 1px 1px rgba(0,0,0,.2);||}||selector li.wpml-ls-item.menu-item-wpml-ls-2-de a:before {||\tbackground-image: url(\/Rohstoffe\/wp-content\/uploads\/2024\/08\/flag_de.png);||}||selector li.wpml-ls-item.menu-item-wpml-ls-2-en a:before {||\tbackground-image: url(\/Rohstoffe\/wp-content\/uploads\/2024\/08\/flag_gb.png);||}||selector li.wpml-ls-item.menu-item-wpml-ls-2-fr a:before {||\tbackground-image: url(\/Rohstoffe\/wp-content\/uploads\/2024\/08\/flag_fr.png);||}||selector li.wpml-ls-item.menu-item-wpml-ls-2-cs a:before {||\tbackground-image: url(\/Rohstoffe\/wp-content\/uploads\/2024\/08\/flag_cs.png);||}||selector li.wpml-ls-item.menu-item-wpml-ls-2-pl a:before {||\tbackground-image: url(\/Rohstoffe\/wp-content\/uploads\/2024\/08\/flag_pl.png);||}||||\/* Submenu *\/||||selector .et-menu-nav .et-menu ul.sub-menu {||\ttop: 100% !important;||\tborder: none;||\twidth: 270px;||\tleft: -13px;||\tpadding: 9px 24px;||\tbackground: #fff !important;||}||selector .et-menu-nav .et-menu li.wpml-ls-item ul.sub-menu {||\twidth: 110px;||}||||selector .et-menu-nav .et-menu ul.sub-menu li {||\tbackground: none !important;||\tpadding: 0;||\tborder-top: 1px solid rgba(0,75,75,0.1);||\tdisplay: block !important;||}||selector .et-menu-nav .et-menu ul.sub-menu li:first-child {||\tborder: none;||}||selector .et-menu-nav .et-menu ul.sub-menu li a {||\tpadding: 15px 0;||\tbackground: none !important;||\tfont-weight: 400 !important;||\topacity: 1 !important;||\tline-height: 1.2;||\ttext-transform: unset;||\tletter-spacing: unset;||\tfont-size: 17px;||\twidth: unset;||}||||\/* BREAKPOINT *\/||||@media only screen and (max-width: 1300px) ||{||\tselector .et_pb_menu__menu { ||\t\tdisplay: none; ||\t}||\tselector .et_mobile_nav_menu { ||\t\tdisplay: block; ||\t}\t||\tselector .et_pb_menu__wrap {||\t\tjustify-content: flex-end;||\t}||}||||\/* MOBILE MENU *\/||||selector .mobile_menu_bar {||    height: 59px;||    width: 59px;||    display: flex;||    flex-direction: column;||    justify-content: center;||    text-align: center;||\tbackground-color: #ff6e00;||\ttransition: all 300ms ease 0ms;||\tmargin: 42px 7vw;||}||selector .mobile_menu_bar:hover {||\tbackground-color: #ff8426;||}||selector .mobile_menu_bar:before {||\ttop: 1px;||}||selector .mobile_nav.opened .mobile_menu_bar:before {||\tcontent: &lsquo;M&rsquo; !important;||}||selector .et_mobile_nav_menu {||\tmargin: 0;||}||||@media only screen and (max-width: 980px) ||{||\tselector .mobile_menu_bar {||\t\theight: 40px;||\t\twidth: 40px;||\t\tmargin: 36px 7vw;||\t}||\tselector .mobile_menu_bar:before {||\t\tfont-size: 26px !important;||\t}||}||||\/* MOBILE MENU DROPDOWN *\/||||selector .et_mobile_menu {||\tborder: none;||\tlist-style: none;||\tpadding: 30px 0;||\ttext-align: left;||\tmin-height: 100vh;||\t-moz-box-shadow: none !important;||\t-webkit-box-shadow: none !important;||\tbox-shadow: none !important;||\tmargin-left: -280px;||\twidth: 86vw;||}||||@media only screen and (max-width: 980px) ||{||\tselector .et_mobile_menu {||\t\tmargin-left: -220px;||\t}||}||selector .mobile_nav:before {||\tcontent: \u00a0\u00bb;||\tposition: fixed;||\ttop: 0;||\tleft: 0;||\tright: 0;||\tmin-height: 1000vh;||\tz-index: -1;||\topacity: 0;||\ttransition: all .4s ease-in-out;||\tpointer-events: none;||\tbackground: rgba(255,255,255,.8);||\t-webkit-backdrop-filter: blur(10px);||\tbackdrop-filter: blur(10px);||}||selector .mobile_nav.opened:before {||\topacity: 1;||}||selector .et_mobile_menu li {||\tborder-top: 1px solid rgba(0,75,75,0.1);||}||selector .et_mobile_menu li:first-child {||\tborder-top: none;||}||selector .et_mobile_menu li a {||\tpadding: 16px 0;||\tdisplay: block;||\tbackground: none !important;||\topacity: 1 !important;||\tborder: none !important;||\tposition: relative;||}||selector .et_mobile_menu li.contact {||\tborder-top: none;||\tmargin-top: 10px;||}||selector .et_mobile_menu li.contact a {||\tcolor: #fff !important;||\tbackground: #ff6e00 !important;||\tpadding: 20px 55px 20px 30px !important;||\ttransition: all 300ms ease 0ms;||\tdisplay: block;||\ttext-align: center;||}||selector .et_mobile_menu li.contact a:hover {||\tbackground: #ff8426 !important;||\tcolor: #fff !important;||}||selector .et_mobile_menu li.contact a:after {||\tline-height: inherit;||    font-size: inherit !important;||    opacity: 1;||    margin-left: .3em;||    left: auto;||    font-family: ETmodules !important;||    font-weight: 400 !important;||\tposition: absolute;||\ttransform: scale(1.4);||    margin-left: 10px !important;||\tcontent: &lsquo;$&rsquo;;||}||||\/* Submenue *\/||||selector .et_mobile_menu li ul.sub-menu {||\ttext-align: left;||\tpadding: 0;||\tlist-style: none !important;||}||selector .et_mobile_menu li ul.sub-menu li {||\tpadding-left: 0;||\tmargin-left: 30px;||}||selector .et_mobile_menu li ul.sub-menu li a {||\ttext-transform: unset;||\tletter-spacing: unset;||\tfont-size: 17px;||\tfont-weight: 400;||\tcolor: #004b4b !important;||}||selector .et_mobile_menu li ul.sub-menu li a:hover,||selector li.current_page_item a {||\tcolor: #ff6e00 !important;||}||selector .et_mobile_menu li.current-menu-item.contact a {||\tcolor: #fff !important;||}||selector .et_mobile_menu li ul.sub-menu li a:after {||\tdisplay: none;||}||selector .et_mobile_menu .menu-item-has-children a {||\tpadding-right: 18px !important;||}||selector .et_mobile_menu .menu-item-has-children a:after {||\tfont-family: &lsquo;ETmodules&rsquo;;||\ttext-align: center;||\tspeak: none;||\tfont-weight: normal;||\tfont-variant: normal;||\ttext-transform: none;||\t-webkit-font-smoothing: antialiased;||\tposition: absolute;||\tfont-size: 17px;||\tcontent: &lsquo;3&rsquo;;||\ttop: 15px;||\tright: 0;||}||selector .et_mobile_menu .menu-item-has-children.wpml-ls-item a {||\tpadding-left: 0px !important;||\tpadding-right: 48px !important;||}||selector .et_mobile_menu .menu-item-has-children.wpml-ls-item a:before {||\tleft: unset;||\tright: 25px;||}||selector .et_mobile_menu .menu-item-has-children.visible a:after {||\t\tcontent: &lsquo;2&rsquo;;||}||selector .et_mobile_menu ul.sub-menu {||\tmax-height: 0px !important;||\tdisplay: block !important;||\tvisibility: hidden !important;||\topacity: 0 !important;||\t-webkit-transition: all .2s ease-in-out;||\t-moz-transition: all .2s ease-in-out;||\ttransition: all .2s ease-in-out;||}||selector .et_mobile_menu .visible ul.sub-menu {||\tmax-height: 1000px !important;||\tdisplay: block !important;||\tvisibility: visible !important;||\topacity: 1 !important;||}||selector.et_pb_menu ul li.current-menu-parent a,||selector.et_pb_menu ul li.current-page-ancestor a {||\tcolor: #ff6e00 !important;||}\u00a0\u00bb global_colors_info=\u00a0\u00bb{}\u00a0\u00bb menu_text_color__hover_enabled=\u00a0\u00bbon|desktop\u00a0\u00bb menu_text_color__hover=\u00a0\u00bb#FF6E00&Prime; dropdown_menu_text_color__hover_enabled=\u00a0\u00bbon|desktop\u00a0\u00bb dropdown_menu_text_color__hover=\u00a0\u00bb#FF6E00&Prime;][\/et_pb_menu][\/et_pb_column][\/et_pb_row][et_pb_row admin_label=\u00a0\u00bbBreadcrumb\u00a0\u00bb _builder_version=\u00a0\u00bb4.25.1&Prime; _module_preset=\u00a0\u00bb38c466fb-a0d3-4b3c-8c1f-c9088287c1e8&Prime; background_enable_color=\u00a0\u00bboff\u00a0\u00bb custom_margin=\u00a0\u00bb0px||0px||true|false\u00a0\u00bb custom_padding=\u00a0\u00bb0px|0px|0px|0px|true|true\u00a0\u00bb animation_style=\u00a0\u00bbfade\u00a0\u00bb global_module=\u00a0\u00bb666&Prime; saved_tabs=\u00a0\u00bball\u00a0\u00bb global_colors_info=\u00a0\u00bb{}\u00a0\u00bb][et_pb_column type=\u00a0\u00bb4_4&Prime; _builder_version=\u00a0\u00bb4.25.1&Prime; _module_preset=\u00a0\u00bb23f8c60a-5213-48e1-9e5d-c3cdd5f27a88&Prime; global_colors_info=\u00a0\u00bb{}\u00a0\u00bb][lwp_divi_breadcrumbs font_icon=\u00a0\u00bb5||divi||400&Prime; use_before_icon=\u00a0\u00bbon\u00a0\u00bb before_icon=\u00a0\u00bb\uf5fd||fa||900&Prime; _builder_version=\u00a0\u00bb4.25.1&Prime; _module_preset=\u00a0\u00bb393cf98c-8090-4795-9cb0-a7d336493b9b\u00a0\u00bb global_colors_info=\u00a0\u00bb{}\u00a0\u00bb][\/lwp_divi_breadcrumbs][\/et_pb_column][\/et_pb_row][\/et_pb_section][et_pb_section fb_built=\u00a0\u00bb1&Prime; admin_label=\u00a0\u00bbEinleitung\u00a0\u00bb _builder_version=\u00a0\u00bb4.25.1&Prime; _module_preset=\u00a0\u00bbeac36d24-5ae8-4699-8ca6-5a0d31d21d39&Prime; global_colors_info=\u00a0\u00bb{}\u00a0\u00bb][et_pb_row _builder_version=\u00a0\u00bb4.25.1&Prime; _module_preset=\u00a0\u00bb7cc296e1-6818-4032-b6d3-c78cd8bb6fa3&Prime; global_colors_info=\u00a0\u00bb{}\u00a0\u00bb][et_pb_column type=\u00a0\u00bb4_4&Prime; _builder_version=\u00a0\u00bb4.25.1&Prime; _module_preset=\u00a0\u00bb0525e39a-843a-4442-8392-b6f82ebcf075&Prime; global_colors_info=\u00a0\u00bb{}\u00a0\u00bb][et_pb_text _builder_version=\u00a0\u00bb4.27.0&Prime; _module_preset=\u00a0\u00bbe3cbb6dc-bc90-46e0-99d6-97c69b619d72&Prime; locked=\u00a0\u00bboff\u00a0\u00bb global_colors_info=\u00a0\u00bb{}\u00a0\u00bb]Vous avez de la marchandise \u00e0 donner ?[\/et_pb_text][et_pb_text _builder_version=\u00a0\u00bb4.27.0&Prime; _module_preset=\u00a0\u00bbe684411f-083e-4bb1-8746-ce17539f955f\u00a0\u00bb custom_margin=\u00a0\u00bb||||false|false\u00a0\u00bb global_colors_info=\u00a0\u00bb{}\u00a0\u00bb]<\/p>\n<h1>Nous achetons des logiciels malveillants !<\/h1>\n<p>Pour nos clients, nous recherchons en permanence de grandes quantit\u00e9s de<\/p>\n<ul>\n<li>Restes de c\u00e9r\u00e9ales (c\u00e9r\u00e9ales tamis\u00e9es, grains cass\u00e9s  petits grains)<\/li>\n<li>Marchandises avari\u00e9es (c\u00e9r\u00e9ales, engrais, sous-produits)<\/li>\n<li>Sous-produits issus de la production de denr\u00e9es alimentaires et d&rsquo;aliments pour animaux<\/li>\n<\/ul>\n<p>[\/et_pb_text][et_pb_button button_url=\u00a0\u00bb@ET-DC@eyJkeW5hbWljIjp0cnVlLCJjb250ZW50IjoicG9zdF9saW5rX3VybF9wYWdlIiwic2V0dGluZ3MiOnsicG9zdF9pZCI6Ijc1NCIsImVuYWJsZV9odG1sIjoib2ZmIn19@\u00a0\u00bb button_text=\u00a0\u00bbFormulaire de contact\u00a0\u00bb _builder_version=\u00a0\u00bb4.27.0&Prime; _dynamic_attributes=\u00a0\u00bbbutton_url\u00a0\u00bb _module_preset=\u00a0\u00bbe84698f2-d923-4ecf-ab27-b539712450ef\u00a0\u00bb locked=\u00a0\u00bboff\u00a0\u00bb global_colors_info=\u00a0\u00bb{}\u00a0\u00bb][\/et_pb_button][\/et_pb_column][\/et_pb_row][\/et_pb_section][et_pb_section fb_built=\u00a0\u00bb1&Prime; admin_label=\u00a0\u00bbSektion\u00a0\u00bb _builder_version=\u00a0\u00bb4.27.0&Prime; _module_preset=\u00a0\u00bbeac36d24-5ae8-4699-8ca6-5a0d31d21d39&Prime; background_color=\u00a0\u00bb#F9F6F5&Prime; global_colors_info=\u00a0\u00bb{}\u00a0\u00bb][et_pb_row _builder_version=\u00a0\u00bb4.25.1&Prime; _module_preset=\u00a0\u00bb7cc296e1-6818-4032-b6d3-c78cd8bb6fa3&Prime; global_colors_info=\u00a0\u00bb{}\u00a0\u00bb][et_pb_column type=\u00a0\u00bb4_4&Prime; _builder_version=\u00a0\u00bb4.25.1&Prime; _module_preset=\u00a0\u00bb0525e39a-843a-4442-8392-b6f82ebcf075&Prime; global_colors_info=\u00a0\u00bb{}\u00a0\u00bb][et_pb_text _builder_version=\u00a0\u00bb4.27.0&Prime; _module_preset=\u00a0\u00bbe684411f-083e-4bb1-8746-ce17539f955f\u00a0\u00bb custom_margin=\u00a0\u00bb||||false|false\u00a0\u00bb global_colors_info=\u00a0\u00bb{}\u00a0\u00bb]<\/p>\n<h2>On ne fait pas d&rsquo;omelette sans casser des \u0153ufs !<\/h2>\n<p> En cas d&rsquo;avarie, tout doit aller vite. Les marchandises endommag\u00e9es doivent \u00eatre \u00e9valu\u00e9es, commercialis\u00e9es et \u00e9vacu\u00e9es le plus rapidement possible. Pour ce faire, une prise en charge professionnelle est n\u00e9cessaire. Avec plus de 30 ans d&rsquo;exp\u00e9rience dans le secteur agricole et logistique, les marchandises endommag\u00e9es (c\u00e9r\u00e9ales, sous-produits et engrais) peuvent \u00eatre \u00e9valu\u00e9es et une offre peut \u00eatre soumise dans les plus brefs d\u00e9lais. L&rsquo;\u00e9quipe logistique interne assure en outre dans les plus brefs d\u00e9lais le traitement rapide et professionnel du transport. La soci\u00e9t\u00e9 ANTON KNOLL est votre interlocuteur pour les avaries dans le secteur agricole![\/et_pb_text][\/et_pb_column][\/et_pb_row][\/et_pb_section]<\/p>\n","protected":false},"excerpt":{"rendered":"<p><div class=\"et_pb_module lwp_divi_breadcrumbs lwp_divi_breadcrumbs_0\">\n\t\t\t\t\n\t\t\t\t\n\t\t\t\t\n\t\t\t\t\n\t\t\t\t\n\t\t\t\t\n\t\t\t\t<div class=\"et_pb_module_inner\">\n\t\t\t\t\t<div class=\"lwp-breadcrumbs\"><span class=\"before-icon et-pb-icon\">\uf5fd<\/span> <span class=\"before\"><\/span> <span vocab=\"https:\/\/schema.org\/\" typeof=\"BreadcrumbList\"><span property=\"itemListElement\" typeof=\"ListItem\"><a property=\"item\" typeof=\"WebPage\" href=\"https:\/\/ak-marketing.r2-server.de\/fr\/\" class=\"home\"><span property=\"name\">Home<\/span><\/a><meta property=\"position\" content=\"1\"><\/span> <span class=\"separator et-pb-icon\">5<\/span> <\/span><\/div>\n\t\t\t\t<\/div>\n\t\t\t<\/div>Vous avez de la marchandise \u00e0 donner ?Nous achetons des logiciels malveillants ! Pour nos clients, nous recherchons en permanence de grandes quantit\u00e9s de Restes de c\u00e9r\u00e9ales (c\u00e9r\u00e9ales tamis\u00e9es, grains cass\u00e9s petits grains) Marchandises avari\u00e9es (c\u00e9r\u00e9ales, engrais, sous-produits) Sous-produits issus de la production de denr\u00e9es alimentaires et d&rsquo;aliments pour [&hellip;]<\/p>\n","protected":false},"author":1,"featured_media":0,"parent":0,"menu_order":4,"comment_status":"closed","ping_status":"closed","template":"","meta":{"_et_pb_use_builder":"on","_et_pb_old_content":"","_et_gb_content_width":"","footnotes":""},"class_list":["post-1598","page","type-page","status-publish","hentry"],"yoast_head":"<!-- This site is optimized with the Yoast SEO plugin v27.4 - https:\/\/yoast.com\/product\/yoast-seo-wordpress\/ -->\n<title>Soumettre des mati\u00e8res - Anton Knoll Rohstoffe<\/title>\n<meta name=\"robots\" content=\"index, follow, max-snippet:-1, max-image-preview:large, max-video-preview:-1\" \/>\n<link rel=\"canonical\" href=\"https:\/\/ak-marketing.r2-server.de\/fr\/abgabe\/\" \/>\n<meta property=\"og:locale\" content=\"fr_FR\" \/>\n<meta property=\"og:type\" content=\"article\" \/>\n<meta property=\"og:title\" content=\"Soumettre des mati\u00e8res - Anton Knoll Rohstoffe\" \/>\n<meta property=\"og:description\" content=\"Vous avez de la marchandise \u00e0 donner ?Nous achetons des logiciels malveillants ! Pour nos clients, nous recherchons en permanence de grandes quantit\u00e9s de Restes de c\u00e9r\u00e9ales (c\u00e9r\u00e9ales tamis\u00e9es, grains cass\u00e9s petits grains) Marchandises avari\u00e9es (c\u00e9r\u00e9ales, engrais, sous-produits) Sous-produits issus de la production de denr\u00e9es alimentaires et d&#039;aliments pour [&hellip;]\" \/>\n<meta property=\"og:url\" content=\"https:\/\/ak-marketing.r2-server.de\/fr\/abgabe\/\" \/>\n<meta property=\"og:site_name\" content=\"Anton Knoll Rohstoffe\" \/>\n<meta property=\"article:modified_time\" content=\"2025-07-15T09:38:19+00:00\" \/>\n<meta name=\"twitter:card\" content=\"summary_large_image\" \/>\n<meta name=\"twitter:label1\" content=\"Dur\u00e9e de lecture estim\u00e9e\" \/>\n\t<meta name=\"twitter:data1\" content=\"9 minutes\" \/>\n<script type=\"application\/ld+json\" class=\"yoast-schema-graph\">{\"@context\":\"https:\\\/\\\/schema.org\",\"@graph\":[{\"@type\":\"WebPage\",\"@id\":\"https:\\\/\\\/ak-marketing.r2-server.de\\\/fr\\\/abgabe\\\/\",\"url\":\"https:\\\/\\\/ak-marketing.r2-server.de\\\/fr\\\/abgabe\\\/\",\"name\":\"Soumettre des mati\u00e8res - Anton Knoll Rohstoffe\",\"isPartOf\":{\"@id\":\"https:\\\/\\\/ak-marketing.r2-server.de\\\/#website\"},\"datePublished\":\"2024-08-19T08:14:59+00:00\",\"dateModified\":\"2025-07-15T09:38:19+00:00\",\"breadcrumb\":{\"@id\":\"https:\\\/\\\/ak-marketing.r2-server.de\\\/fr\\\/abgabe\\\/#breadcrumb\"},\"inLanguage\":\"fr-FR\",\"potentialAction\":[{\"@type\":\"ReadAction\",\"target\":[\"https:\\\/\\\/ak-marketing.r2-server.de\\\/fr\\\/abgabe\\\/\"]}]},{\"@type\":\"BreadcrumbList\",\"@id\":\"https:\\\/\\\/ak-marketing.r2-server.de\\\/fr\\\/abgabe\\\/#breadcrumb\",\"itemListElement\":[{\"@type\":\"ListItem\",\"position\":1,\"name\":\"Startseite\",\"item\":\"https:\\\/\\\/ak-marketing.r2-server.de\\\/fr\\\/\"},{\"@type\":\"ListItem\",\"position\":2,\"name\":\"Soumettre des mati\u00e8res\"}]},{\"@type\":\"WebSite\",\"@id\":\"https:\\\/\\\/ak-marketing.r2-server.de\\\/#website\",\"url\":\"https:\\\/\\\/ak-marketing.r2-server.de\\\/\",\"name\":\"Anton Knoll Rohstoffe\",\"description\":\"\",\"publisher\":{\"@id\":\"https:\\\/\\\/ak-marketing.r2-server.de\\\/#organization\"},\"potentialAction\":[{\"@type\":\"SearchAction\",\"target\":{\"@type\":\"EntryPoint\",\"urlTemplate\":\"https:\\\/\\\/ak-marketing.r2-server.de\\\/?s={search_term_string}\"},\"query-input\":{\"@type\":\"PropertyValueSpecification\",\"valueRequired\":true,\"valueName\":\"search_term_string\"}}],\"inLanguage\":\"fr-FR\"},{\"@type\":\"Organization\",\"@id\":\"https:\\\/\\\/ak-marketing.r2-server.de\\\/#organization\",\"name\":\"Anton Knoll Rohstoffe\",\"url\":\"https:\\\/\\\/ak-marketing.r2-server.de\\\/\",\"logo\":{\"@type\":\"ImageObject\",\"inLanguage\":\"fr-FR\",\"@id\":\"https:\\\/\\\/ak-marketing.r2-server.de\\\/#\\\/schema\\\/logo\\\/image\\\/\",\"url\":\"http:\\\/\\\/www.anton-knoll.com\\\/Rohstoffe\\\/wp-content\\\/uploads\\\/2024\\\/08\\\/logo-knoll-rohstoffe.png\",\"contentUrl\":\"http:\\\/\\\/www.anton-knoll.com\\\/Rohstoffe\\\/wp-content\\\/uploads\\\/2024\\\/08\\\/logo-knoll-rohstoffe.png\",\"width\":560,\"height\":285,\"caption\":\"Anton Knoll Rohstoffe\"},\"image\":{\"@id\":\"https:\\\/\\\/ak-marketing.r2-server.de\\\/#\\\/schema\\\/logo\\\/image\\\/\"}}]}<\/script>\n<!-- \/ Yoast SEO plugin. -->","yoast_head_json":{"title":"Soumettre des mati\u00e8res - Anton Knoll Rohstoffe","robots":{"index":"index","follow":"follow","max-snippet":"max-snippet:-1","max-image-preview":"max-image-preview:large","max-video-preview":"max-video-preview:-1"},"canonical":"https:\/\/ak-marketing.r2-server.de\/fr\/abgabe\/","og_locale":"fr_FR","og_type":"article","og_title":"Soumettre des mati\u00e8res - Anton Knoll Rohstoffe","og_description":"Vous avez de la marchandise \u00e0 donner ?Nous achetons des logiciels malveillants ! Pour nos clients, nous recherchons en permanence de grandes quantit\u00e9s de Restes de c\u00e9r\u00e9ales (c\u00e9r\u00e9ales tamis\u00e9es, grains cass\u00e9s petits grains) Marchandises avari\u00e9es (c\u00e9r\u00e9ales, engrais, sous-produits) Sous-produits issus de la production de denr\u00e9es alimentaires et d'aliments pour [&hellip;]","og_url":"https:\/\/ak-marketing.r2-server.de\/fr\/abgabe\/","og_site_name":"Anton Knoll Rohstoffe","article_modified_time":"2025-07-15T09:38:19+00:00","twitter_card":"summary_large_image","twitter_misc":{"Dur\u00e9e de lecture estim\u00e9e":"9 minutes"},"schema":{"@context":"https:\/\/schema.org","@graph":[{"@type":"WebPage","@id":"https:\/\/ak-marketing.r2-server.de\/fr\/abgabe\/","url":"https:\/\/ak-marketing.r2-server.de\/fr\/abgabe\/","name":"Soumettre des mati\u00e8res - Anton Knoll Rohstoffe","isPartOf":{"@id":"https:\/\/ak-marketing.r2-server.de\/#website"},"datePublished":"2024-08-19T08:14:59+00:00","dateModified":"2025-07-15T09:38:19+00:00","breadcrumb":{"@id":"https:\/\/ak-marketing.r2-server.de\/fr\/abgabe\/#breadcrumb"},"inLanguage":"fr-FR","potentialAction":[{"@type":"ReadAction","target":["https:\/\/ak-marketing.r2-server.de\/fr\/abgabe\/"]}]},{"@type":"BreadcrumbList","@id":"https:\/\/ak-marketing.r2-server.de\/fr\/abgabe\/#breadcrumb","itemListElement":[{"@type":"ListItem","position":1,"name":"Startseite","item":"https:\/\/ak-marketing.r2-server.de\/fr\/"},{"@type":"ListItem","position":2,"name":"Soumettre des mati\u00e8res"}]},{"@type":"WebSite","@id":"https:\/\/ak-marketing.r2-server.de\/#website","url":"https:\/\/ak-marketing.r2-server.de\/","name":"Anton Knoll Rohstoffe","description":"","publisher":{"@id":"https:\/\/ak-marketing.r2-server.de\/#organization"},"potentialAction":[{"@type":"SearchAction","target":{"@type":"EntryPoint","urlTemplate":"https:\/\/ak-marketing.r2-server.de\/?s={search_term_string}"},"query-input":{"@type":"PropertyValueSpecification","valueRequired":true,"valueName":"search_term_string"}}],"inLanguage":"fr-FR"},{"@type":"Organization","@id":"https:\/\/ak-marketing.r2-server.de\/#organization","name":"Anton Knoll Rohstoffe","url":"https:\/\/ak-marketing.r2-server.de\/","logo":{"@type":"ImageObject","inLanguage":"fr-FR","@id":"https:\/\/ak-marketing.r2-server.de\/#\/schema\/logo\/image\/","url":"http:\/\/www.anton-knoll.com\/Rohstoffe\/wp-content\/uploads\/2024\/08\/logo-knoll-rohstoffe.png","contentUrl":"http:\/\/www.anton-knoll.com\/Rohstoffe\/wp-content\/uploads\/2024\/08\/logo-knoll-rohstoffe.png","width":560,"height":285,"caption":"Anton Knoll Rohstoffe"},"image":{"@id":"https:\/\/ak-marketing.r2-server.de\/#\/schema\/logo\/image\/"}}]}},"_links":{"self":[{"href":"https:\/\/ak-marketing.r2-server.de\/fr\/wp-json\/wp\/v2\/pages\/1598","targetHints":{"allow":["GET"]}}],"collection":[{"href":"https:\/\/ak-marketing.r2-server.de\/fr\/wp-json\/wp\/v2\/pages"}],"about":[{"href":"https:\/\/ak-marketing.r2-server.de\/fr\/wp-json\/wp\/v2\/types\/page"}],"author":[{"embeddable":true,"href":"https:\/\/ak-marketing.r2-server.de\/fr\/wp-json\/wp\/v2\/users\/1"}],"replies":[{"embeddable":true,"href":"https:\/\/ak-marketing.r2-server.de\/fr\/wp-json\/wp\/v2\/comments?post=1598"}],"version-history":[{"count":19,"href":"https:\/\/ak-marketing.r2-server.de\/fr\/wp-json\/wp\/v2\/pages\/1598\/revisions"}],"predecessor-version":[{"id":2512,"href":"https:\/\/ak-marketing.r2-server.de\/fr\/wp-json\/wp\/v2\/pages\/1598\/revisions\/2512"}],"wp:attachment":[{"href":"https:\/\/ak-marketing.r2-server.de\/fr\/wp-json\/wp\/v2\/media?parent=1598"}],"curies":[{"name":"wp","href":"https:\/\/api.w.org\/{rel}","templated":true}]}}