{"id":1574,"date":"2024-08-19T08:29:19","date_gmt":"2024-08-19T06:29:19","guid":{"rendered":"http:\/\/www.anton-knoll.com\/Rohstoffe\/impressum\/"},"modified":"2025-09-19T12:44:02","modified_gmt":"2025-09-19T10:44:02","slug":"impressum","status":"publish","type":"page","link":"https:\/\/ak-marketing.r2-server.de\/pl\/impressum\/","title":{"rendered":"Impressum"},"content":{"rendered":"<p>[et_pb_section fb_built=&#8221;1&#8243; admin_label=&#8221;Header&#8221; _builder_version=&#8221;4.25.1&#8243; _module_preset=&#8221;445ba67a-aca3-4336-97c4-3a4ee4df175e&#8221; locked=&#8221;off&#8221; global_colors_info=&#8221;{}&#8221;][et_pb_row admin_label=&#8221;Navigation&#8221; _builder_version=&#8221;4.25.1&#8243; _module_preset=&#8221;38c466fb-a0d3-4b3c-8c1f-c9088287c1e8&#8243; background_enable_color=&#8221;off&#8221; width=&#8221;100%&#8221; max_width=&#8221;unset&#8221; custom_margin=&#8221;0px||0px||true|false&#8221; custom_padding=&#8221;0px||0px||false|false&#8221; custom_css_free_form=&#8221;selector {||  margin-left: calc(((100vw &#8211; 1200px) \/ 2));||  width: calc(100vw &#8211; ((100vw &#8211; 1200px) \/ 2)) !important;||  max-width: unset !important;||}||selector:before {||  content: &#8221;;||  position: absolute;||  right: 0;||  top: 0;||  width: 100vw;||  height: 300px;||  background-image: linear-gradient(180deg, rgba(255,255,255,1) 0%, rgba(255,255,255,0) 100%);||}||||@media only screen and (max-width: 1400px)||{||  selector {||    margin-left: 7vw;||    width: 93vw !important;||  }||}&#8221; global_module=&#8221;310&#8243; saved_tabs=&#8221;all&#8221; global_colors_info=&#8221;{}&#8221;][et_pb_column type=&#8221;4_4&#8243; _builder_version=&#8221;4.25.1&#8243; _module_preset=&#8221;23f8c60a-5213-48e1-9e5d-c3cdd5f27a88&#8243; custom_css_free_form=&#8221;selector {||  display: flex;||}&#8221; global_colors_info=&#8221;{}&#8221;][et_pb_image src=&#8221;https:\/\/ak-marketing.r2-server.de\/wp-content\/uploads\/2024\/08\/logo-knoll-rohstoffe.png&#8221; alt=&#8221;Logo \/ Anton Knoll &#8211; D\u00fcngemittel&#8221; title_text=&#8221;logo-knoll-rohstoffe&#8221; url=&#8221;@ET-DC@eyJkeW5hbWljIjp0cnVlLCJjb250ZW50IjoiaG9tZV91cmwiLCJzZXR0aW5ncyI6eyJlbmFibGVfaHRtbCI6Im9mZiJ9fQ==@&#8221; admin_label=&#8221;Logo&#8221; _builder_version=&#8221;4.27.4&#8243; _dynamic_attributes=&#8221;url&#8221; _module_preset=&#8221;default&#8221; z_index=&#8221;10&#8243; width=&#8221;280px&#8221; width_tablet=&#8221;220px&#8221; width_phone=&#8221;&#8221; width_last_edited=&#8221;on|phone&#8221; custom_margin=&#8221;||0px||false|false&#8221; animation_style=&#8221;fade&#8221; locked=&#8221;off&#8221; global_colors_info=&#8221;{}&#8221; filter_opacity__hover_enabled=&#8221;on|desktop&#8221; filter_opacity__hover=&#8221;85%&#8221;][\/et_pb_image][et_pb_menu menu_id=&#8221;3&#8243; active_link_color=&#8221;#FF6E00&#8243; dropdown_menu_bg_color=&#8221;#FFFFFF&#8221; dropdown_menu_text_color=&#8221;#827864&#8243; dropdown_menu_active_link_color=&#8221;#FF6E00&#8243; mobile_menu_bg_color=&#8221;RGBA(255,255,255,0)&#8221; mobile_menu_text_color=&#8221;#827864&#8243; menu_icon_color=&#8221;#FFFFFF&#8221; _builder_version=&#8221;4.27.4&#8243; _module_preset=&#8221;default&#8221; menu_font=&#8221;|800||on|||||&#8221; menu_text_color=&#8221;#827864&#8243; menu_font_size=&#8221;15px&#8221; menu_letter_spacing=&#8221;1px&#8221; background_enable_color=&#8221;off&#8221; custom_margin=&#8221;0px||0px||true|false&#8221; animation_style=&#8221;fade&#8221; animation_direction=&#8221;top&#8221; custom_css_free_form=&#8221;||\/* GRID *\/||||selector {||  flex-grow: 1;||}||||\/* MENU DESKTOP *\/||||selector .et_pb_menu__menu,||selector .et-menu-nav,||selector .et-menu {||\tflex-grow: 1;||}||selector .et-menu {||\tdisplay: flex;||\tjustify-content: space-around !important;||\tmargin: 0;||  \tmax-width: 1600px;||}||selector li a {||\tline-height: 1 !important;||}||selector .et-menu-nav {||  padding: 44px 30px 0 30px;||}||selector .et-menu-nav .et-menu li {||\tpadding-top: 20px;||\tpadding-bottom: 20px;||\tmargin: 0;||}||selector .et-menu-nav .et-menu li a {||\tpadding-bottom: 0;||}||selector .et-menu-nav .et-menu li.contact {||\tpadding-top: 0;||\tpadding-bottom: 0;||}||selector .et-menu-nav .et-menu li.contact a {||\tcolor: #fff !important;||\tbackground: #ff6e00;||\tpadding: 20px 55px 20px 30px;||\ttransition: all 300ms ease 0ms;||}||selector .et-menu-nav .et-menu li.contact a:hover {||\tbackground: #ff8426;||}||selector .et-menu-nav .et-menu li.contact a:after {||\tline-height: inherit;||    font-size: inherit !important;||    opacity: 1;||    margin-left: .3em;||    left: auto;||    font-family: ETmodules !important;||    font-weight: 400 !important;||\tposition: absolute;||\ttransform: scale(1.4);||    margin-left: 10px !important;||\tcontent: '$&#8217;;||}||||\/* Sprachschalter *\/||||selector li.wpml-ls-item a {||\tpadding-left: 30px !important;||\tposition: relative;||}||selector li.wpml-ls-item a:before {||\tcontent: &#8221;;||\tposition: absolute;||\tleft: 0;||\ttop: 50%;||\tmargin-top: -11px;||\twidth: 22px;||\theight: 22px;||    border-radius: 50%;||    -webkit-border-radius: 50%;||    -moz-border-radius: 50%;||\tbackground-size: 22px 22px;||\tbox-shadow: 0px 0px 1px 1px rgba(0,0,0,.2);||}||selector li.wpml-ls-item.wpml-ls-item-de > a:before {||\tbackground-image: url(\/wp-content\/uploads\/2024\/08\/flag_de.png);||}||selector li.wpml-ls-item.wpml-ls-item-en > a:before {||\tbackground-image: url(\/wp-content\/uploads\/2024\/08\/flag_gb.png);||}||selector li.wpml-ls-item.wpml-ls-item-fr > a:before {||\tbackground-image: url(\/wp-content\/uploads\/2024\/08\/flag_fr.png);||}||selector li.wpml-ls-item.wpml-ls-item-cs > a:before {||\tbackground-image: url(\/wp-content\/uploads\/2024\/08\/flag_cs.png);||}||selector li.wpml-ls-item.wpml-ls-item-pl > a:before {||\tbackground-image: url(\/wp-content\/uploads\/2024\/08\/flag_pl.png);||}||||\/* Submenu *\/||||selector .et-menu-nav .et-menu ul.sub-menu {||\ttop: 100% !important;||\tborder: none;||\twidth: 270px;||\tleft: -13px;||\tpadding: 9px 24px;||\tbackground: #fff !important;||}||selector .et-menu-nav .et-menu li.wpml-ls-item ul.sub-menu {||\twidth: 110px;||}||||selector .et-menu-nav .et-menu ul.sub-menu li {||\tbackground: none !important;||\tpadding: 0;||\tborder-top: 1px solid rgba(0,75,75,0.1);||\tdisplay: block !important;||}||selector .et-menu-nav .et-menu ul.sub-menu li:first-child {||\tborder: none;||}||selector .et-menu-nav .et-menu ul.sub-menu li a {||\tpadding: 15px 0;||\tbackground: none !important;||\tfont-weight: 400 !important;||\topacity: 1 !important;||\tline-height: 1.2;||\ttext-transform: unset;||\tletter-spacing: unset;||\tfont-size: 17px;||\twidth: unset;||}||||\/* BREAKPOINT *\/||||@media only screen and (max-width: 1300px) ||{||\tselector .et_pb_menu__menu { ||\t\tdisplay: none; ||\t}||\tselector .et_mobile_nav_menu { ||\t\tdisplay: block; ||\t}\t||\tselector .et_pb_menu__wrap {||\t\tjustify-content: flex-end;||\t}||}||||\/* MOBILE MENU *\/||||selector .mobile_menu_bar {||    height: 59px;||    width: 59px;||    display: flex;||    flex-direction: column;||    justify-content: center;||    text-align: center;||\tbackground-color: #ff6e00;||\ttransition: all 300ms ease 0ms;||\tmargin: 42px 7vw;||}||selector .mobile_menu_bar:hover {||\tbackground-color: #ff8426;||}||selector .mobile_menu_bar:before {||\ttop: 1px;||}||selector .mobile_nav.opened .mobile_menu_bar:before {||\tcontent: 'M&#8217; !important;||}||selector .et_mobile_nav_menu {||\tmargin: 0;||}||||@media only screen and (max-width: 980px) ||{||\tselector .mobile_menu_bar {||\t\theight: 40px;||\t\twidth: 40px;||\t\tmargin: 36px 7vw;||\t}||\tselector .mobile_menu_bar:before {||\t\tfont-size: 26px !important;||\t}||}||||\/* MOBILE MENU DROPDOWN *\/||||selector .et_mobile_menu {||\tborder: none;||\tlist-style: none;||\tpadding: 30px 0;||\ttext-align: left;||\tmin-height: 100vh;||\t-moz-box-shadow: none !important;||\t-webkit-box-shadow: none !important;||\tbox-shadow: none !important;||\tmargin-left: -280px;||\twidth: 86vw;||}||||@media only screen and (max-width: 980px) ||{||\tselector .et_mobile_menu {||\t\tmargin-left: -220px;||\t}||}||selector .mobile_nav:before {||\tcontent: &#8221;;||\tposition: fixed;||\ttop: 0;||\tleft: 0;||\tright: 0;||\tmin-height: 1000vh;||\tz-index: -1;||\topacity: 0;||\ttransition: all .4s ease-in-out;||\tpointer-events: none;||\tbackground: rgba(255,255,255,.8);||\t-webkit-backdrop-filter: blur(10px);||\tbackdrop-filter: blur(10px);||}||selector .mobile_nav.opened:before {||\topacity: 1;||}||selector .et_mobile_menu li {||\tborder-top: 1px solid rgba(0,75,75,0.1);||}||selector .et_mobile_menu li:first-child {||\tborder-top: none;||}||selector .et_mobile_menu li a {||\tpadding: 16px 0;||\tdisplay: block;||\tbackground: none !important;||\topacity: 1 !important;||\tborder: none !important;||\tposition: relative;||}||selector .et_mobile_menu li.contact {||\tborder-top: none;||\tmargin-top: 10px;||}||selector .et_mobile_menu li.contact a {||\tcolor: #fff !important;||\tbackground: #ff6e00 !important;||\tpadding: 20px 55px 20px 30px !important;||\ttransition: all 300ms ease 0ms;||\tdisplay: block;||\ttext-align: center;||}||selector .et_mobile_menu li.contact a:hover {||\tbackground: #ff8426 !important;||\tcolor: #fff !important;||}||selector .et_mobile_menu li.contact a:after {||\tline-height: inherit;||    font-size: inherit !important;||    opacity: 1;||    margin-left: .3em;||    left: auto;||    font-family: ETmodules !important;||    font-weight: 400 !important;||\tposition: absolute;||\ttransform: scale(1.4);||    margin-left: 10px !important;||\tcontent: '$&#8217;;||}||||\/* Submenue *\/||||selector .et_mobile_menu li ul.sub-menu {||\ttext-align: left;||\tpadding: 0;||\tlist-style: none !important;||}||selector .et_mobile_menu li ul.sub-menu li {||\tpadding-left: 0;||\tmargin-left: 30px;||}||selector .et_mobile_menu li ul.sub-menu li a {||\ttext-transform: unset;||\tletter-spacing: unset;||\tfont-size: 17px;||\tfont-weight: 400;||\tcolor: #004b4b !important;||}||selector .et_mobile_menu li ul.sub-menu li a:hover,||selector li.current_page_item a {||\tcolor: #ff6e00 !important;||}||selector .et_mobile_menu li.current-menu-item.contact a {||\tcolor: #fff !important;||}||selector .et_mobile_menu li ul.sub-menu li a:after {||\tdisplay: none;||}||selector .et_mobile_menu .menu-item-has-children a {||\tpadding-right: 18px !important;||}||selector .et_mobile_menu .menu-item-has-children a:after {||\tfont-family: 'ETmodules&#8217;;||\ttext-align: center;||\tspeak: none;||\tfont-weight: normal;||\tfont-variant: normal;||\ttext-transform: none;||\t-webkit-font-smoothing: antialiased;||\tposition: absolute;||\tfont-size: 17px;||\tcontent: '3&#8242;;||\ttop: 15px;||\tright: 0;||}||selector .et_mobile_menu .menu-item-has-children.wpml-ls-item a {||\tpadding-left: 0px !important;||\tpadding-right: 48px !important;||}||selector .et_mobile_menu .menu-item-has-children.wpml-ls-item a:before {||\tleft: unset;||\tright: 25px;||}||selector .et_mobile_menu .menu-item-has-children.visible a:after {||\t\tcontent: '2&#8242;;||}||selector .et_mobile_menu ul.sub-menu {||\tmax-height: 0px !important;||\tdisplay: block !important;||\tvisibility: hidden !important;||\topacity: 0 !important;||\t-webkit-transition: all .2s ease-in-out;||\t-moz-transition: all .2s ease-in-out;||\ttransition: all .2s ease-in-out;||}||selector .et_mobile_menu .visible ul.sub-menu {||\tmax-height: 1000px !important;||\tdisplay: block !important;||\tvisibility: visible !important;||\topacity: 1 !important;||}||selector.et_pb_menu ul li.current-menu-parent a,||selector.et_pb_menu ul li.current-page-ancestor a {||\tcolor: #ff6e00 !important;||}&#8221; global_colors_info=&#8221;{}&#8221; menu_text_color__hover_enabled=&#8221;on|desktop&#8221; menu_text_color__hover=&#8221;#FF6E00&#8243; dropdown_menu_text_color__hover_enabled=&#8221;on|desktop&#8221; dropdown_menu_text_color__hover=&#8221;#FF6E00&#8243;][\/et_pb_menu][\/et_pb_column][\/et_pb_row][\/et_pb_section][et_pb_section fb_built=&#8221;1&#8243; admin_label=&#8221;Section&#8221; _builder_version=&#8221;4.25.1&#8243; _module_preset=&#8221;eac36d24-5ae8-4699-8ca6-5a0d31d21d39&#8243; global_colors_info=&#8221;{}&#8221;][et_pb_row _builder_version=&#8221;4.25.1&#8243; _module_preset=&#8221;7cc296e1-6818-4032-b6d3-c78cd8bb6fa3&#8243; global_colors_info=&#8221;{}&#8221;][et_pb_column type=&#8221;4_4&#8243; _builder_version=&#8221;4.25.1&#8243; _module_preset=&#8221;0525e39a-843a-4442-8392-b6f82ebcf075&#8243; global_colors_info=&#8221;{}&#8221;][et_pb_text _builder_version=&#8221;4.27.0&#8243; _module_preset=&#8221;e684411f-083e-4bb1-8746-ce17539f955f&#8221; custom_margin=&#8221;||||false|false&#8221; global_colors_info=&#8221;{}&#8221;]<\/p>\n<h1>odcisk<\/h1>\n<p>Anton Knoll Rohstoffe GmbH Co. KG<br \/>Dorfstra\u00dfe 1<br \/>49744 Geeste-Bramhar<\/p>\n<p>T: +495963 \/ 98292-11<br \/>F: +495963 \/ 98292-15<br \/><a href=\"mailto:info@anton-knoll.de\">info@anton-knoll.de<\/a><\/p>\n<p><\/p>\n<p>[\/et_pb_text][\/et_pb_column][\/et_pb_row][\/et_pb_section][et_pb_section fb_built=&#8221;1&#8243; admin_label=&#8221;Section&#8221; _builder_version=&#8221;4.25.1&#8243; _module_preset=&#8221;eac36d24-5ae8-4699-8ca6-5a0d31d21d39&#8243; background_color=&#8221;#F2F6F6&#8243; global_colors_info=&#8221;{}&#8221;][et_pb_row _builder_version=&#8221;4.25.1&#8243; _module_preset=&#8221;7cc296e1-6818-4032-b6d3-c78cd8bb6fa3&#8243; global_colors_info=&#8221;{}&#8221;][et_pb_column type=&#8221;4_4&#8243; _builder_version=&#8221;4.25.1&#8243; _module_preset=&#8221;0525e39a-843a-4442-8392-b6f82ebcf075&#8243; global_colors_info=&#8221;{}&#8221;][et_pb_text _builder_version=&#8221;4.25.1&#8243; _module_preset=&#8221;e684411f-083e-4bb1-8746-ce17539f955f&#8221; custom_margin=&#8221;||||false|false&#8221; global_colors_info=&#8221;{}&#8221;]<\/p>\n<h2>Tre\u015b\u0107 oferty internetowej<\/h2>\n<p>Dostawca nie ponosi odpowiedzialno\u015bci za aktualno\u015b\u0107, poprawno\u015b\u0107, kompletno\u015b\u0107 lub jako\u015b\u0107 udost\u0119pnianych informacji.<\/p>\n<h2>Prawo autorskie i znaki towarowe<\/h2>\n<p>Jakiekolwiek wykorzystanie tre\u015bci i ilustracji opublikowanych na tej stronie, kt\u00f3re jest niedozwolone przez prawo autorskie, wymaga uprzedniej pisemnej zgody dostawcy. Dotyczy to w szczeg\u00f3lno\u015bci powielania, przetwarzania, t\u0142umaczenia, przechowywania, przetwarzania lub odtwarzania tre\u015bci w bazach danych lub innych mediach i systemach elektronicznych. <\/p>\n<p>[\/et_pb_text][\/et_pb_column][\/et_pb_row][\/et_pb_section]<\/p>\n","protected":false},"excerpt":{"rendered":"<p>odcisk Anton Knoll Rohstoffe GmbH Co. KGDorfstra\u00dfe 149744 Geeste-BramharT: +495963 \/ 98292-11F: +495963 \/ 98292-15info@anton-knoll.deTre\u015b\u0107 oferty internetowej Dostawca nie ponosi odpowiedzialno\u015bci za aktualno\u015b\u0107, poprawno\u015b\u0107, kompletno\u015b\u0107 lub jako\u015b\u0107 udost\u0119pnianych informacji. Prawo autorskie i znaki towarowe Jakiekolwiek wykorzystanie tre\u015bci i ilustracji opublikowanych na tej stronie, kt\u00f3re jest niedozwolone przez prawo autorskie, wymaga uprzedniej pisemnej zgody dostawcy. Dotyczy [&hellip;]<\/p>\n","protected":false},"author":1,"featured_media":0,"parent":0,"menu_order":10,"comment_status":"closed","ping_status":"closed","template":"","meta":{"_et_pb_use_builder":"on","_et_pb_old_content":"","_et_gb_content_width":"","footnotes":""},"class_list":["post-1574","page","type-page","status-publish","hentry"],"yoast_head":"<!-- This site is optimized with the Yoast SEO plugin v27.4 - https:\/\/yoast.com\/product\/yoast-seo-wordpress\/ -->\n<title>Impressum - Anton Knoll Rohstoffe<\/title>\n<meta name=\"robots\" content=\"index, follow, max-snippet:-1, max-image-preview:large, max-video-preview:-1\" \/>\n<link rel=\"canonical\" href=\"https:\/\/ak-marketing.r2-server.de\/pl\/impressum\/\" \/>\n<meta property=\"og:locale\" content=\"pl_PL\" \/>\n<meta property=\"og:type\" content=\"article\" \/>\n<meta property=\"og:title\" content=\"Impressum - Anton Knoll Rohstoffe\" \/>\n<meta property=\"og:description\" content=\"odcisk Anton Knoll Rohstoffe GmbH Co. KGDorfstra\u00dfe 149744 Geeste-BramharT: +495963 \/ 98292-11F: +495963 \/ 98292-15info@anton-knoll.deTre\u015b\u0107 oferty internetowej Dostawca nie ponosi odpowiedzialno\u015bci za aktualno\u015b\u0107, poprawno\u015b\u0107, kompletno\u015b\u0107 lub jako\u015b\u0107 udost\u0119pnianych informacji. Prawo autorskie i znaki towarowe Jakiekolwiek wykorzystanie tre\u015bci i ilustracji opublikowanych na tej stronie, kt\u00f3re jest niedozwolone przez prawo autorskie, wymaga uprzedniej pisemnej zgody dostawcy. Dotyczy [&hellip;]\" \/>\n<meta property=\"og:url\" content=\"https:\/\/ak-marketing.r2-server.de\/pl\/impressum\/\" \/>\n<meta property=\"og:site_name\" content=\"Anton Knoll Rohstoffe\" \/>\n<meta property=\"article:modified_time\" content=\"2025-09-19T10:44:02+00:00\" \/>\n<meta name=\"twitter:card\" content=\"summary_large_image\" \/>\n<meta name=\"twitter:label1\" content=\"Szacowany czas czytania\" \/>\n\t<meta name=\"twitter:data1\" content=\"8 minut\" \/>\n<script type=\"application\/ld+json\" class=\"yoast-schema-graph\">{\"@context\":\"https:\\\/\\\/schema.org\",\"@graph\":[{\"@type\":\"WebPage\",\"@id\":\"https:\\\/\\\/ak-marketing.r2-server.de\\\/pl\\\/impressum\\\/\",\"url\":\"https:\\\/\\\/ak-marketing.r2-server.de\\\/pl\\\/impressum\\\/\",\"name\":\"Impressum - Anton Knoll Rohstoffe\",\"isPartOf\":{\"@id\":\"https:\\\/\\\/ak-marketing.r2-server.de\\\/#website\"},\"datePublished\":\"2024-08-19T06:29:19+00:00\",\"dateModified\":\"2025-09-19T10:44:02+00:00\",\"breadcrumb\":{\"@id\":\"https:\\\/\\\/ak-marketing.r2-server.de\\\/pl\\\/impressum\\\/#breadcrumb\"},\"inLanguage\":\"pl-PL\",\"potentialAction\":[{\"@type\":\"ReadAction\",\"target\":[\"https:\\\/\\\/ak-marketing.r2-server.de\\\/pl\\\/impressum\\\/\"]}]},{\"@type\":\"BreadcrumbList\",\"@id\":\"https:\\\/\\\/ak-marketing.r2-server.de\\\/pl\\\/impressum\\\/#breadcrumb\",\"itemListElement\":[{\"@type\":\"ListItem\",\"position\":1,\"name\":\"Startseite\",\"item\":\"https:\\\/\\\/ak-marketing.r2-server.de\\\/pl\\\/\"},{\"@type\":\"ListItem\",\"position\":2,\"name\":\"Impressum\"}]},{\"@type\":\"WebSite\",\"@id\":\"https:\\\/\\\/ak-marketing.r2-server.de\\\/#website\",\"url\":\"https:\\\/\\\/ak-marketing.r2-server.de\\\/\",\"name\":\"Anton Knoll Rohstoffe\",\"description\":\"\",\"publisher\":{\"@id\":\"https:\\\/\\\/ak-marketing.r2-server.de\\\/#organization\"},\"potentialAction\":[{\"@type\":\"SearchAction\",\"target\":{\"@type\":\"EntryPoint\",\"urlTemplate\":\"https:\\\/\\\/ak-marketing.r2-server.de\\\/?s={search_term_string}\"},\"query-input\":{\"@type\":\"PropertyValueSpecification\",\"valueRequired\":true,\"valueName\":\"search_term_string\"}}],\"inLanguage\":\"pl-PL\"},{\"@type\":\"Organization\",\"@id\":\"https:\\\/\\\/ak-marketing.r2-server.de\\\/#organization\",\"name\":\"Anton Knoll Rohstoffe\",\"url\":\"https:\\\/\\\/ak-marketing.r2-server.de\\\/\",\"logo\":{\"@type\":\"ImageObject\",\"inLanguage\":\"pl-PL\",\"@id\":\"https:\\\/\\\/ak-marketing.r2-server.de\\\/#\\\/schema\\\/logo\\\/image\\\/\",\"url\":\"http:\\\/\\\/www.anton-knoll.com\\\/Rohstoffe\\\/wp-content\\\/uploads\\\/2024\\\/08\\\/logo-knoll-rohstoffe.png\",\"contentUrl\":\"http:\\\/\\\/www.anton-knoll.com\\\/Rohstoffe\\\/wp-content\\\/uploads\\\/2024\\\/08\\\/logo-knoll-rohstoffe.png\",\"width\":560,\"height\":285,\"caption\":\"Anton Knoll Rohstoffe\"},\"image\":{\"@id\":\"https:\\\/\\\/ak-marketing.r2-server.de\\\/#\\\/schema\\\/logo\\\/image\\\/\"}}]}<\/script>\n<!-- \/ Yoast SEO plugin. -->","yoast_head_json":{"title":"Impressum - Anton Knoll Rohstoffe","robots":{"index":"index","follow":"follow","max-snippet":"max-snippet:-1","max-image-preview":"max-image-preview:large","max-video-preview":"max-video-preview:-1"},"canonical":"https:\/\/ak-marketing.r2-server.de\/pl\/impressum\/","og_locale":"pl_PL","og_type":"article","og_title":"Impressum - Anton Knoll Rohstoffe","og_description":"odcisk Anton Knoll Rohstoffe GmbH Co. KGDorfstra\u00dfe 149744 Geeste-BramharT: +495963 \/ 98292-11F: +495963 \/ 98292-15info@anton-knoll.deTre\u015b\u0107 oferty internetowej Dostawca nie ponosi odpowiedzialno\u015bci za aktualno\u015b\u0107, poprawno\u015b\u0107, kompletno\u015b\u0107 lub jako\u015b\u0107 udost\u0119pnianych informacji. Prawo autorskie i znaki towarowe Jakiekolwiek wykorzystanie tre\u015bci i ilustracji opublikowanych na tej stronie, kt\u00f3re jest niedozwolone przez prawo autorskie, wymaga uprzedniej pisemnej zgody dostawcy. Dotyczy [&hellip;]","og_url":"https:\/\/ak-marketing.r2-server.de\/pl\/impressum\/","og_site_name":"Anton Knoll Rohstoffe","article_modified_time":"2025-09-19T10:44:02+00:00","twitter_card":"summary_large_image","twitter_misc":{"Szacowany czas czytania":"8 minut"},"schema":{"@context":"https:\/\/schema.org","@graph":[{"@type":"WebPage","@id":"https:\/\/ak-marketing.r2-server.de\/pl\/impressum\/","url":"https:\/\/ak-marketing.r2-server.de\/pl\/impressum\/","name":"Impressum - Anton Knoll Rohstoffe","isPartOf":{"@id":"https:\/\/ak-marketing.r2-server.de\/#website"},"datePublished":"2024-08-19T06:29:19+00:00","dateModified":"2025-09-19T10:44:02+00:00","breadcrumb":{"@id":"https:\/\/ak-marketing.r2-server.de\/pl\/impressum\/#breadcrumb"},"inLanguage":"pl-PL","potentialAction":[{"@type":"ReadAction","target":["https:\/\/ak-marketing.r2-server.de\/pl\/impressum\/"]}]},{"@type":"BreadcrumbList","@id":"https:\/\/ak-marketing.r2-server.de\/pl\/impressum\/#breadcrumb","itemListElement":[{"@type":"ListItem","position":1,"name":"Startseite","item":"https:\/\/ak-marketing.r2-server.de\/pl\/"},{"@type":"ListItem","position":2,"name":"Impressum"}]},{"@type":"WebSite","@id":"https:\/\/ak-marketing.r2-server.de\/#website","url":"https:\/\/ak-marketing.r2-server.de\/","name":"Anton Knoll Rohstoffe","description":"","publisher":{"@id":"https:\/\/ak-marketing.r2-server.de\/#organization"},"potentialAction":[{"@type":"SearchAction","target":{"@type":"EntryPoint","urlTemplate":"https:\/\/ak-marketing.r2-server.de\/?s={search_term_string}"},"query-input":{"@type":"PropertyValueSpecification","valueRequired":true,"valueName":"search_term_string"}}],"inLanguage":"pl-PL"},{"@type":"Organization","@id":"https:\/\/ak-marketing.r2-server.de\/#organization","name":"Anton Knoll Rohstoffe","url":"https:\/\/ak-marketing.r2-server.de\/","logo":{"@type":"ImageObject","inLanguage":"pl-PL","@id":"https:\/\/ak-marketing.r2-server.de\/#\/schema\/logo\/image\/","url":"http:\/\/www.anton-knoll.com\/Rohstoffe\/wp-content\/uploads\/2024\/08\/logo-knoll-rohstoffe.png","contentUrl":"http:\/\/www.anton-knoll.com\/Rohstoffe\/wp-content\/uploads\/2024\/08\/logo-knoll-rohstoffe.png","width":560,"height":285,"caption":"Anton Knoll Rohstoffe"},"image":{"@id":"https:\/\/ak-marketing.r2-server.de\/#\/schema\/logo\/image\/"}}]}},"_links":{"self":[{"href":"https:\/\/ak-marketing.r2-server.de\/pl\/wp-json\/wp\/v2\/pages\/1574","targetHints":{"allow":["GET"]}}],"collection":[{"href":"https:\/\/ak-marketing.r2-server.de\/pl\/wp-json\/wp\/v2\/pages"}],"about":[{"href":"https:\/\/ak-marketing.r2-server.de\/pl\/wp-json\/wp\/v2\/types\/page"}],"author":[{"embeddable":true,"href":"https:\/\/ak-marketing.r2-server.de\/pl\/wp-json\/wp\/v2\/users\/1"}],"replies":[{"embeddable":true,"href":"https:\/\/ak-marketing.r2-server.de\/pl\/wp-json\/wp\/v2\/comments?post=1574"}],"version-history":[{"count":6,"href":"https:\/\/ak-marketing.r2-server.de\/pl\/wp-json\/wp\/v2\/pages\/1574\/revisions"}],"predecessor-version":[{"id":2537,"href":"https:\/\/ak-marketing.r2-server.de\/pl\/wp-json\/wp\/v2\/pages\/1574\/revisions\/2537"}],"wp:attachment":[{"href":"https:\/\/ak-marketing.r2-server.de\/pl\/wp-json\/wp\/v2\/media?parent=1574"}],"curies":[{"name":"wp","href":"https:\/\/api.w.org\/{rel}","templated":true}]}}